{"id":34167,"date":"2024-05-28T14:13:27","date_gmt":"2024-05-28T12:13:27","guid":{"rendered":"https:\/\/muvhaz.orlaihaz.mezobereny.hu\/?page_id=34167"},"modified":"2024-06-03T10:14:16","modified_gmt":"2024-06-03T08:14:16","slug":"impresszum","status":"publish","type":"page","link":"https:\/\/muvhaz.orlaihaz.mezobereny.hu\/?page_id=34167","title":{"rendered":"Impresszum"},"content":{"rendered":"\t\t<div data-elementor-type=\"wp-page\" data-elementor-id=\"34167\" class=\"elementor elementor-34167\">\n\t\t\t\t<div class=\"elementor-element elementor-element-5ea7516 e-flex e-con-boxed e-con e-parent\" data-id=\"5ea7516\" data-element_type=\"container\">\n\t\t\t\t\t<div class=\"e-con-inner\">\n\t\t\t\t<div class=\"elementor-element elementor-element-65618ce elementor-widget elementor-widget-heading\" data-id=\"65618ce\" data-element_type=\"widget\" data-widget_type=\"heading.default\">\n\t\t\t\t<div class=\"elementor-widget-container\">\n\t\t\t<h2 class=\"elementor-heading-title elementor-size-default\">Impresszum<\/h2>\t\t<\/div>\n\t\t\t\t<\/div>\n\t\t\t\t\t<\/div>\n\t\t\t\t<\/div>\n\t\t<div class=\"elementor-element elementor-element-d314be3 e-flex e-con-boxed e-con e-parent\" data-id=\"d314be3\" data-element_type=\"container\">\n\t\t\t\t\t<div class=\"e-con-inner\">\n\t\t\t\t<div class=\"elementor-element elementor-element-fe68c9e elementor-widget elementor-widget-text-editor\" data-id=\"fe68c9e\" data-element_type=\"widget\" data-widget_type=\"text-editor.default\">\n\t\t\t\t<div class=\"elementor-widget-container\">\n\t\t\t\t\t\t\t<p><strong>C\u00edm<\/strong>: 5650 Mez\u0151ber\u00e9ny, F\u0151 \u00fat 6.<\/p><p><strong>Telefon<\/strong>: 06 70 400 2474<\/p><p><strong>E-mail<\/strong>: opskmm@gmail.com<\/p><p><strong>Ad\u00f3sz\u00e1m<\/strong>: 15583680-2-04<\/p><p><strong>Int\u00e9zm\u00e9ny vezet\u0151k:<\/strong><\/p><p>T\u00fari Andrea (igazgat\u00f3) +36 20 246 1216<\/p><p>Szegedi M\u00e1ria(igazgat\u00f3 helyettes) +36 70 400 2476<\/p><p><strong>K\u00f6zm\u0171vel\u0151d\u00e9s:<\/strong><\/p><p>Bart\u00f3 R\u00f3bertn\u00e9 \u00e9vi (k\u00f6zm\u0171vel\u0151d\u00e9si munkat\u00e1rs) +36 70 400 2477<\/p><p>Leczk\u00e9si Anita (k\u00f6zm\u0171vel\u0151d\u00e9si munkat\u00e1rs) +36 70 400 2480<\/p><p><strong>Inform\u00e1ci\u00f3-\u00fcgyvitel:<\/strong><\/p><p>Guba Gerg\u0151 G\u00e1bor (inform\u00e1ci\u00f3s \u00e9s k\u00f6z\u00f6ns\u00e9gszolg\u00e1lati munkat\u00e1rs) +36 70 400 2474<\/p><p>Sz\u00e9m\u00e1n Di\u00e1na (inform\u00e1ci\u00f3s \u00e9s k\u00f6z\u00f6ns\u00e9gszolg\u00e1lati munkat\u00e1rs) +36 70 400 2474<\/p><p><strong>Megjelen\u00e9s-h\u00edrmond\u00f3-desing:<\/strong><\/p><p>Moln\u00e1r Lajos (K\u00f6zm\u0171vel\u0151d\u00e9si szakember, a Ber\u00e9nyi H\u00edrmond\u00f3 szerkeszt\u0151t\u0151je) +36 70 400 2478<\/p><p>Makra P\u00e9ter (Grafikus,Ber\u00e9nyi H\u00edrmond\u00f3 szerkeszt\u0151je,Hangtechnika,Informatikus) +36 70 400 2485<\/p><p>Sz\u00e1nt\u00f3 Cintia (grafika)<\/p><p><strong>Technikai szem\u00e9lyzet:<\/strong><\/p><p>Lakatos M\u00e1ria<\/p><p>Tar Judith<\/p><p>Burai Mih\u00e1ly<\/p><p><strong>K\u00f6nyvt\u00e1r:<\/strong><\/p><p>Lengyel M\u00e1ria (informatikus K\u00f6nvt\u00e1ros)\u00a0 +36 70 400 2481<\/p><p>Varga Eszter (Informatikus K\u00f6nyvt\u00e1ros) +36 70 400 2481<\/p><p><strong>M\u00fazeum:<\/strong><\/p><p>Csete Gyula (N\u00e9prajzos muzeol\u00f3gus) +36 20 264 3556<\/p><p>G\u00e1ncsa Etelka (Technikai szem\u00e9lyzet)<\/p>\t\t\t\t\t\t<\/div>\n\t\t\t\t<\/div>\n\t\t\t\t\t<\/div>\n\t\t\t\t<\/div>\n\t\t\t\t<\/div>\n\t\t","protected":false},"excerpt":{"rendered":"<p>Impresszum C\u00edm: 5650 Mez\u0151ber\u00e9ny, F\u0151 \u00fat 6. Telefon: 06 70 400 2474 E-mail: opskmm@gmail.com Ad\u00f3sz\u00e1m: 15583680-2-04 Int\u00e9zm\u00e9ny vezet\u0151k: T\u00fari Andrea (igazgat\u00f3) +36 20 246 1216 Szegedi M\u00e1ria(igazgat\u00f3 helyettes) +36 70 [&hellip;]<\/p>\n","protected":false},"author":1,"featured_media":0,"parent":0,"menu_order":0,"comment_status":"closed","ping_status":"closed","template":"","meta":{"site-sidebar-layout":"no-sidebar","site-content-layout":"","ast-site-content-layout":"full-width-container","site-content-style":"default","site-sidebar-style":"default","ast-global-header-display":"","ast-banner-title-visibility":"","ast-main-header-display":"","ast-hfb-above-header-display":"","ast-hfb-below-header-display":"","ast-hfb-mobile-header-display":"","site-post-title":"disabled","ast-breadcrumbs-content":"","ast-featured-img":"disabled","footer-sml-layout":"","theme-transparent-header-meta":"","adv-header-id-meta":"","stick-header-meta":"","header-above-stick-meta":"","header-main-stick-meta":"","header-below-stick-meta":"","astra-migrate-meta-layouts":"default","ast-page-background-enabled":"default","ast-page-background-meta":{"desktop":{"background-color":"var(--ast-global-color-4)","background-image":"","background-repeat":"repeat","background-position":"center center","background-size":"auto","background-attachment":"scroll","background-type":"","background-media":"","overlay-type":"","overlay-color":"","overlay-opacity":"","overlay-gradient":""},"tablet":{"background-color":"","background-image":"","background-repeat":"repeat","background-position":"center center","background-size":"auto","background-attachment":"scroll","background-type":"","background-media":"","overlay-type":"","overlay-color":"","overlay-opacity":"","overlay-gradient":""},"mobile":{"background-color":"","background-image":"","background-repeat":"repeat","background-position":"center center","background-size":"auto","background-attachment":"scroll","background-type":"","background-media":"","overlay-type":"","overlay-color":"","overlay-opacity":"","overlay-gradient":""}},"ast-content-background-meta":{"desktop":{"background-color":"var(--ast-global-color-5)","background-image":"","background-repeat":"repeat","background-position":"center center","background-size":"auto","background-attachment":"scroll","background-type":"","background-media":"","overlay-type":"","overlay-color":"","overlay-opacity":"","overlay-gradient":""},"tablet":{"background-color":"var(--ast-global-color-5)","background-image":"","background-repeat":"repeat","background-position":"center center","background-size":"auto","background-attachment":"scroll","background-type":"","background-media":"","overlay-type":"","overlay-color":"","overlay-opacity":"","overlay-gradient":""},"mobile":{"background-color":"var(--ast-global-color-5)","background-image":"","background-repeat":"repeat","background-position":"center center","background-size":"auto","background-attachment":"scroll","background-type":"","background-media":"","overlay-type":"","overlay-color":"","overlay-opacity":"","overlay-gradient":""}},"ngg_post_thumbnail":0,"footnotes":""},"class_list":["post-34167","page","type-page","status-publish","hentry"],"_links":{"self":[{"href":"https:\/\/muvhaz.orlaihaz.mezobereny.hu\/index.php?rest_route=\/wp\/v2\/pages\/34167"}],"collection":[{"href":"https:\/\/muvhaz.orlaihaz.mezobereny.hu\/index.php?rest_route=\/wp\/v2\/pages"}],"about":[{"href":"https:\/\/muvhaz.orlaihaz.mezobereny.hu\/index.php?rest_route=\/wp\/v2\/types\/page"}],"author":[{"embeddable":true,"href":"https:\/\/muvhaz.orlaihaz.mezobereny.hu\/index.php?rest_route=\/wp\/v2\/users\/1"}],"replies":[{"embeddable":true,"href":"https:\/\/muvhaz.orlaihaz.mezobereny.hu\/index.php?rest_route=%2Fwp%2Fv2%2Fcomments&post=34167"}],"version-history":[{"count":5,"href":"https:\/\/muvhaz.orlaihaz.mezobereny.hu\/index.php?rest_route=\/wp\/v2\/pages\/34167\/revisions"}],"predecessor-version":[{"id":34446,"href":"https:\/\/muvhaz.orlaihaz.mezobereny.hu\/index.php?rest_route=\/wp\/v2\/pages\/34167\/revisions\/34446"}],"wp:attachment":[{"href":"https:\/\/muvhaz.orlaihaz.mezobereny.hu\/index.php?rest_route=%2Fwp%2Fv2%2Fmedia&parent=34167"}],"curies":[{"name":"wp","href":"https:\/\/api.w.org\/{rel}","templated":true}]}}