{"id":37646,"date":"2024-09-18T10:45:35","date_gmt":"2024-09-18T08:45:35","guid":{"rendered":"https:\/\/muvhaz.orlaihaz.mezobereny.hu\/?page_id=37646"},"modified":"2026-03-31T10:04:38","modified_gmt":"2026-03-31T08:04:38","slug":"munkatarsaink-2","status":"publish","type":"page","link":"https:\/\/muvhaz.orlaihaz.mezobereny.hu\/?page_id=37646","title":{"rendered":"Munkat\u00e1rsaink"},"content":{"rendered":"\n<div class=\"wp-block-media-text is-stacked-on-mobile\" style=\"grid-template-columns:15% auto\"><figure class=\"wp-block-media-text__media\"><img fetchpriority=\"high\" decoding=\"async\" width=\"512\" height=\"512\" src=\"https:\/\/muvhaz.orlaihaz.mezobereny.hu\/wp-content\/uploads\/sites\/2\/2024\/09\/voila_MARCSI-1.jpg\" alt=\"\" class=\"wp-image-37673 size-full\"\/><\/figure><div class=\"wp-block-media-text__content\">\n<p><strong>Szegedi M\u00e1ria<\/strong><br>int\u00e9zm\u00e9ny megb\u00edzott vezet\u0151je<\/p>\n<\/div><\/div>\n\n\n\n<div class=\"wp-block-media-text is-stacked-on-mobile\" style=\"grid-template-columns:15% auto\"><figure class=\"wp-block-media-text__media\"><img decoding=\"async\" width=\"512\" height=\"512\" src=\"https:\/\/muvhaz.orlaihaz.mezobereny.hu\/wp-content\/uploads\/sites\/2\/2024\/09\/4voila_DIA.jpg\" alt=\"\" class=\"wp-image-37675 size-full\"\/><\/figure><div class=\"wp-block-media-text__content\">\n<p><strong>Sz\u00e9m\u00e1n Di\u00e1na<\/strong><br>szakmai vezet\u0151, k\u00f6zm\u0171vel\u0151d\u00e9si igazgat\u00e1si \u00fcgyint\u00e9z\u0151<\/p>\n<\/div><\/div>\n\n\n\n<div class=\"wp-block-media-text is-stacked-on-mobile\" style=\"grid-template-columns:15% auto\"><figure class=\"wp-block-media-text__media\"><img decoding=\"async\" width=\"512\" height=\"512\" src=\"https:\/\/muvhaz.orlaihaz.mezobereny.hu\/wp-content\/uploads\/sites\/2\/2024\/09\/3voila_EVI.jpg\" alt=\"\" class=\"wp-image-37674 size-full\"\/><\/figure><div class=\"wp-block-media-text__content\">\n<p><strong>Bart\u00f3 R\u00f3bertn\u00e9<\/strong><br>k\u00f6zm\u0171vel\u0151d\u00e9si munkat\u00e1rs<\/p>\n<\/div><\/div>\n\n\n\n<div class=\"wp-block-media-text is-stacked-on-mobile\" style=\"grid-template-columns:15% auto\"><figure class=\"wp-block-media-text__media\"><img loading=\"lazy\" decoding=\"async\" width=\"697\" height=\"697\" src=\"https:\/\/muvhaz.orlaihaz.mezobereny.hu\/wp-content\/uploads\/sites\/2\/2024\/09\/8voila_CINTI.jpg\" alt=\"\" class=\"wp-image-37685 size-full\"\/><\/figure><div class=\"wp-block-media-text__content\">\n<p><strong>Sz\u00e1nt\u00f3 Cintia<\/strong><br>grafikus<\/p>\n<\/div><\/div>\n\n\n\n<div class=\"wp-block-media-text is-stacked-on-mobile\" style=\"grid-template-columns:15% auto\"><figure class=\"wp-block-media-text__media\"><img loading=\"lazy\" decoding=\"async\" width=\"512\" height=\"512\" src=\"https:\/\/muvhaz.orlaihaz.mezobereny.hu\/wp-content\/uploads\/sites\/2\/2024\/09\/7voila_ANITA.jpg\" alt=\"\" class=\"wp-image-37684 size-full\"\/><\/figure><div class=\"wp-block-media-text__content\">\n<p><strong>Leck\u00e9si Anita<\/strong><br>inform\u00e1ci\u00f3s, k\u00f6zm\u0171vel\u0151d\u00e9si, k\u00f6z\u00f6ns\u00e9gszolg\u00e1lati \u00e9s \u00fcgyviteli alkalmazott<\/p>\n<\/div><\/div>\n\n\n\n<div class=\"wp-block-media-text is-stacked-on-mobile\" style=\"grid-template-columns:15% auto\"><figure class=\"wp-block-media-text__media\"><img loading=\"lazy\" decoding=\"async\" width=\"512\" height=\"512\" src=\"https:\/\/muvhaz.orlaihaz.mezobereny.hu\/wp-content\/uploads\/sites\/2\/2025\/03\/17voila_ISTVAN.jpg\" alt=\"\" class=\"wp-image-39012 size-full\" srcset=\"https:\/\/muvhaz.orlaihaz.mezobereny.hu\/wp-content\/uploads\/sites\/2\/2025\/03\/17voila_ISTVAN.jpg 512w, https:\/\/muvhaz.orlaihaz.mezobereny.hu\/wp-content\/uploads\/sites\/2\/2025\/03\/17voila_ISTVAN-300x300.jpg 300w, https:\/\/muvhaz.orlaihaz.mezobereny.hu\/wp-content\/uploads\/sites\/2\/2025\/03\/17voila_ISTVAN-150x150.jpg 150w\" sizes=\"(max-width: 512px) 100vw, 512px\" \/><\/figure><div class=\"wp-block-media-text__content\">\n<p><strong>Farkas Istv\u00e1n L\u00e1szl\u00f3<\/strong><br>m\u00fazeumi gy\u0171jtem\u00e9nykezel\u0151, a Mez\u0151ber\u00e9nyi H\u00edrmond\u00f3 szerkeszt\u0151je<\/p>\n<\/div><\/div>\n\n\n\n<div class=\"wp-block-media-text is-stacked-on-mobile\" style=\"grid-template-columns:15% auto\"><figure class=\"wp-block-media-text__media\"><img loading=\"lazy\" decoding=\"async\" width=\"512\" height=\"512\" src=\"https:\/\/muvhaz.orlaihaz.mezobereny.hu\/wp-content\/uploads\/sites\/2\/2024\/09\/10voila_LENGYELMAR.jpg\" alt=\"\" class=\"wp-image-37687 size-full\"\/><\/figure><div class=\"wp-block-media-text__content\">\n<p><strong>Lengyel M\u00e1ria<\/strong><br>k\u00f6nyvt\u00e1ros<\/p>\n<\/div><\/div>\n\n\n\n<div class=\"wp-block-media-text is-stacked-on-mobile\" style=\"grid-template-columns:15% auto\"><figure class=\"wp-block-media-text__media\"><img loading=\"lazy\" decoding=\"async\" width=\"512\" height=\"512\" src=\"https:\/\/muvhaz.orlaihaz.mezobereny.hu\/wp-content\/uploads\/sites\/2\/2024\/09\/11voila_ESZTI.jpg\" alt=\"\" class=\"wp-image-37688 size-full\"\/><\/figure><div class=\"wp-block-media-text__content\">\n<p><strong>Varga Eszter<\/strong><br>k\u00f6nyvt\u00e1ros<\/p>\n<\/div><\/div>\n\n\n\n<div class=\"wp-block-media-text is-stacked-on-mobile\" style=\"grid-template-columns:15% auto\"><figure class=\"wp-block-media-text__media\"><img loading=\"lazy\" decoding=\"async\" width=\"1024\" height=\"1024\" src=\"https:\/\/muvhaz.orlaihaz.mezobereny.hu\/wp-content\/uploads\/sites\/2\/2024\/09\/15voila_JUCI.jpg\" alt=\"\" class=\"wp-image-37692 size-full\"\/><\/figure><div class=\"wp-block-media-text__content\">\n<p><strong>Tar Judith<\/strong><\/p>\n<\/div><\/div>\n\n\n\n<div class=\"wp-block-media-text is-stacked-on-mobile\" style=\"grid-template-columns:15% auto\"><figure class=\"wp-block-media-text__media\"><img loading=\"lazy\" decoding=\"async\" width=\"512\" height=\"512\" src=\"https:\/\/muvhaz.orlaihaz.mezobereny.hu\/wp-content\/uploads\/sites\/2\/2024\/09\/14voila_MARIKA.jpg\" alt=\"\" class=\"wp-image-37691 size-full\"\/><\/figure><div class=\"wp-block-media-text__content\">\n<p><strong>Lakatos M\u00e1ria<\/strong><\/p>\n<\/div><\/div>\n\n\n\n<div class=\"wp-block-media-text is-stacked-on-mobile\" style=\"grid-template-columns:15% auto\"><figure class=\"wp-block-media-text__media\"><img loading=\"lazy\" decoding=\"async\" width=\"512\" height=\"512\" src=\"https:\/\/muvhaz.orlaihaz.mezobereny.hu\/wp-content\/uploads\/sites\/2\/2024\/09\/16voila_MISI.jpg\" alt=\"\" class=\"wp-image-37693 size-full\"\/><\/figure><div class=\"wp-block-media-text__content\">\n<p><strong>Burai Mih\u00e1ly<\/strong><br>karbantart\u00f3<\/p>\n<\/div><\/div>\n\n\n\n<div class=\"wp-block-media-text is-stacked-on-mobile\" style=\"grid-template-columns:15% auto\"><figure class=\"wp-block-media-text__media\"><img loading=\"lazy\" decoding=\"async\" width=\"512\" height=\"512\" src=\"https:\/\/muvhaz.orlaihaz.mezobereny.hu\/wp-content\/uploads\/sites\/2\/2024\/09\/13voila_GERI.jpg\" alt=\"\" class=\"wp-image-37690 size-full\"\/><\/figure><div class=\"wp-block-media-text__content\">\n<p><strong>Guba Gerg\u0151 G\u00e1bor<\/strong><\/p>\n<\/div><\/div>\n\n\n\n<div class=\"wp-block-media-text is-stacked-on-mobile\" style=\"grid-template-columns:15% auto\"><figure class=\"wp-block-media-text__media\"><img loading=\"lazy\" decoding=\"async\" width=\"512\" height=\"512\" src=\"https:\/\/muvhaz.orlaihaz.mezobereny.hu\/wp-content\/uploads\/sites\/2\/2024\/09\/12voila_GETELKA.jpg\" alt=\"\" class=\"wp-image-37689 size-full\"\/><\/figure><div class=\"wp-block-media-text__content\">\n<p><strong>G\u00e1ncsa Etelka<\/strong><\/p>\n<\/div><\/div>\n","protected":false},"excerpt":{"rendered":"<p>Szegedi M\u00e1riaint\u00e9zm\u00e9ny megb\u00edzott vezet\u0151je Sz\u00e9m\u00e1n Di\u00e1naszakmai vezet\u0151, k\u00f6zm\u0171vel\u0151d\u00e9si igazgat\u00e1si \u00fcgyint\u00e9z\u0151 Bart\u00f3 R\u00f3bertn\u00e9k\u00f6zm\u0171vel\u0151d\u00e9si munkat\u00e1rs Sz\u00e1nt\u00f3 Cintiagrafikus Leck\u00e9si Anitainform\u00e1ci\u00f3s, k\u00f6zm\u0171vel\u0151d\u00e9si, k\u00f6z\u00f6ns\u00e9gszolg\u00e1lati \u00e9s \u00fcgyviteli alkalmazott Farkas Istv\u00e1n L\u00e1szl\u00f3m\u00fazeumi gy\u0171jtem\u00e9nykezel\u0151, a Mez\u0151ber\u00e9nyi H\u00edrmond\u00f3 szerkeszt\u0151je [&hellip;]<\/p>\n","protected":false},"author":1,"featured_media":0,"parent":0,"menu_order":0,"comment_status":"closed","ping_status":"closed","template":"","meta":{"site-sidebar-layout":"default","site-content-layout":"","ast-site-content-layout":"","site-content-style":"default","site-sidebar-style":"default","ast-global-header-display":"","ast-banner-title-visibility":"","ast-main-header-display":"","ast-hfb-above-header-display":"","ast-hfb-below-header-display":"","ast-hfb-mobile-header-display":"","site-post-title":"","ast-breadcrumbs-content":"","ast-featured-img":"","footer-sml-layout":"","theme-transparent-header-meta":"","adv-header-id-meta":"","stick-header-meta":"","header-above-stick-meta":"","header-main-stick-meta":"","header-below-stick-meta":"","astra-migrate-meta-layouts":"default","ast-page-background-enabled":"default","ast-page-background-meta":{"desktop":{"background-color":"var(--ast-global-color-4)","background-image":"","background-repeat":"repeat","background-position":"center center","background-size":"auto","background-attachment":"scroll","background-type":"","background-media":"","overlay-type":"","overlay-color":"","overlay-opacity":"","overlay-gradient":""},"tablet":{"background-color":"","background-image":"","background-repeat":"repeat","background-position":"center center","background-size":"auto","background-attachment":"scroll","background-type":"","background-media":"","overlay-type":"","overlay-color":"","overlay-opacity":"","overlay-gradient":""},"mobile":{"background-color":"","background-image":"","background-repeat":"repeat","background-position":"center center","background-size":"auto","background-attachment":"scroll","background-type":"","background-media":"","overlay-type":"","overlay-color":"","overlay-opacity":"","overlay-gradient":""}},"ast-content-background-meta":{"desktop":{"background-color":"var(--ast-global-color-5)","background-image":"","background-repeat":"repeat","background-position":"center center","background-size":"auto","background-attachment":"scroll","background-type":"","background-media":"","overlay-type":"","overlay-color":"","overlay-opacity":"","overlay-gradient":""},"tablet":{"background-color":"var(--ast-global-color-5)","background-image":"","background-repeat":"repeat","background-position":"center center","background-size":"auto","background-attachment":"scroll","background-type":"","background-media":"","overlay-type":"","overlay-color":"","overlay-opacity":"","overlay-gradient":""},"mobile":{"background-color":"var(--ast-global-color-5)","background-image":"","background-repeat":"repeat","background-position":"center center","background-size":"auto","background-attachment":"scroll","background-type":"","background-media":"","overlay-type":"","overlay-color":"","overlay-opacity":"","overlay-gradient":""}},"ngg_post_thumbnail":0,"footnotes":""},"class_list":["post-37646","page","type-page","status-publish","hentry"],"_links":{"self":[{"href":"https:\/\/muvhaz.orlaihaz.mezobereny.hu\/index.php?rest_route=\/wp\/v2\/pages\/37646"}],"collection":[{"href":"https:\/\/muvhaz.orlaihaz.mezobereny.hu\/index.php?rest_route=\/wp\/v2\/pages"}],"about":[{"href":"https:\/\/muvhaz.orlaihaz.mezobereny.hu\/index.php?rest_route=\/wp\/v2\/types\/page"}],"author":[{"embeddable":true,"href":"https:\/\/muvhaz.orlaihaz.mezobereny.hu\/index.php?rest_route=\/wp\/v2\/users\/1"}],"replies":[{"embeddable":true,"href":"https:\/\/muvhaz.orlaihaz.mezobereny.hu\/index.php?rest_route=%2Fwp%2Fv2%2Fcomments&post=37646"}],"version-history":[{"count":15,"href":"https:\/\/muvhaz.orlaihaz.mezobereny.hu\/index.php?rest_route=\/wp\/v2\/pages\/37646\/revisions"}],"predecessor-version":[{"id":42038,"href":"https:\/\/muvhaz.orlaihaz.mezobereny.hu\/index.php?rest_route=\/wp\/v2\/pages\/37646\/revisions\/42038"}],"wp:attachment":[{"href":"https:\/\/muvhaz.orlaihaz.mezobereny.hu\/index.php?rest_route=%2Fwp%2Fv2%2Fmedia&parent=37646"}],"curies":[{"name":"wp","href":"https:\/\/api.w.org\/{rel}","templated":true}]}}