{"id":7297,"date":"2024-03-06T09:04:13","date_gmt":"2024-03-06T08:04:13","guid":{"rendered":"https:\/\/muvhaz.orlaihaz.mezobereny.hu\/?page_id=7297"},"modified":"2025-07-02T14:01:08","modified_gmt":"2025-07-02T12:01:08","slug":"virtualis-varosnezes","status":"publish","type":"page","link":"https:\/\/muvhaz.orlaihaz.mezobereny.hu\/?page_id=7297","title":{"rendered":"virtu\u00e1lis v\u00e1rosn\u00e9z\u00e9s"},"content":{"rendered":"\t\t<div data-elementor-type=\"wp-page\" data-elementor-id=\"7297\" class=\"elementor elementor-7297\">\n\t\t\t\t<div class=\"elementor-element elementor-element-110f88a e-flex e-con-boxed e-con e-parent\" data-id=\"110f88a\" data-element_type=\"container\">\n\t\t\t\t\t<div class=\"e-con-inner\">\n\t\t\t\t<div class=\"elementor-element elementor-element-6ce2c47 elementor-widget elementor-widget-heading\" data-id=\"6ce2c47\" data-element_type=\"widget\" data-widget_type=\"heading.default\">\n\t\t\t\t<div class=\"elementor-widget-container\">\n\t\t\t<h2 class=\"elementor-heading-title elementor-size-default\">Virtu\u00e1lis v\u00e1rosn\u00e9z\u00e9s<\/h2>\t\t<\/div>\n\t\t\t\t<\/div>\n\t\t\t\t\t<\/div>\n\t\t\t\t<\/div>\n\t\t<div class=\"elementor-element elementor-element-3c618c0 e-flex e-con-boxed e-con e-parent\" data-id=\"3c618c0\" data-element_type=\"container\">\n\t\t\t\t\t<div class=\"e-con-inner\">\n\t\t<div class=\"elementor-element elementor-element-dd73987 e-con-full e-flex e-con e-child\" data-id=\"dd73987\" data-element_type=\"container\">\n\t\t\t\t<div class=\"elementor-element elementor-element-e2406db elementor-widget elementor-widget-text-editor\" data-id=\"e2406db\" data-element_type=\"widget\" data-widget_type=\"text-editor.default\">\n\t\t\t\t<div class=\"elementor-widget-container\">\n\t\t\t\t\t\t\t<ol>\n<li style=\"list-style-type: none;\">\n<ol>\n<li><a href=\"https:\/\/muvhaz.orlaihaz.mezobereny.hu\/?p=7328\">I. \u00e9s II. vil\u00e1gh\u00e1bor\u00fas eml\u00e9km\u0171<\/a><\/li>\n<li>&nbsp;<a>Pet\u0151fi Mez\u0151ber\u00e9nyben<\/a><\/li>\n<li><a href=\"https:\/\/muvhaz.orlaihaz.mezobereny.hu\/?p=7343\">N\u00e9pek bar\u00e1ts\u00e1ga<\/a><\/li>\n<li><a href=\"https:\/\/muvhaz.orlaihaz.mezobereny.hu\/?p=7349\">Udvardy Anik\u00f3: Szendrey J\u00falia<\/a><\/li>\n<li>&nbsp;<a href=\"https:\/\/muvhaz.orlaihaz.mezobereny.hu\/?p=7353\">Bethlen G\u00e1bor, az erd\u00e9lyi fejedelem mellszobra<\/a><\/li>\n<li><a href=\"https:\/\/muvhaz.orlaihaz.mezobereny.hu\/?p=7357\">La Charogne (a d\u00f6g)<\/a><\/li>\n<li><a ==\"\" href\"https:=\"\" muvhaz.orlaihaz.mezobereny.hu=\"\" ?p=\"7362&quot;\"><br>Id. Jeszenszky K\u00e1roly mellszobra<\/a><\/li>\n<li><a href=\"https:\/\/muvhaz.orlaihaz.mezobereny.hu\/?p=7367\">Orlai Petrics Soma mellszobra<\/a><\/li>\n<li><a href=\"https:\/\/muvhaz.orlaihaz.mezobereny.hu\/?p=7370\">Kossuth Lajos mellszobra<\/a><\/li>\n<li><a href=\"https:\/\/muvhaz.orlaihaz.mezobereny.hu\/?p=7373\">gr. Sz\u00e9chenyi Istv\u00e1n mellszobra<\/a><\/li>\n<li><a href=\"https:\/\/muvhaz.orlaihaz.mezobereny.hu\/?p=7376\">dr. Bak Mih\u00e1ly mellszobra<\/a><\/li>\n<li><a href=\"https:\/\/muvhaz.orlaihaz.mezobereny.hu\/?p=7379\">Szab\u00f3 \u00c1rp\u00e1d mellszobra<\/a><\/li>\n<li><a href=\"https:\/\/muvhaz.orlaihaz.mezobereny.hu\/?p=7382\">Testv\u00e9rv\u00e1rosok eml\u00e9kk\u00f6ve<\/a><\/li>\n<li><a href=\"https:\/\/muvhaz.orlaihaz.mezobereny.hu\/?p=7385\">Mez\u0151ber\u00e9nyi n\u00e9met kitelep\u00edtettek eml\u00e9km\u0171ve<\/a><\/li>\n<li><a href=\"https:\/\/muvhaz.orlaihaz.mezobereny.hu\/?p=7388\">Zsid\u00f3 eml\u00e9km\u0171 a holokauszt \u00e1ldozatainak eml\u00e9k\u00e9re<\/a><\/li>\n<li><a href=\"https:\/\/muvhaz.orlaihaz.mezobereny.hu\/?p=7391\">1956-os eml\u00e9km\u0171<\/a><\/li>\n<li><a href=\"https:\/\/muvhaz.orlaihaz.mezobereny.hu\/?p=7393\">Skolka Andr\u00e1s domborm\u0171<\/a><\/li>\n<li><a href=\"https:\/\/muvhaz.orlaihaz.mezobereny.hu\/?p=7396\">B\u00e1ny\u00e1szl\u00e1mpa<\/a><\/li>\n<li><a href=\"https:\/\/muvhaz.orlaihaz.mezobereny.hu\/?p=7399\">Kitelep\u00edtettek eml\u00e9km\u0171ve<\/a><\/li>\n<li><a href=\"https:\/\/muvhaz.orlaihaz.mezobereny.hu\/?p=7402\">Forr\u00e1s &#8211; Hazat\u00e9r\u00e9s k\u00fatja<\/a><\/li>\n<li><a href=\"https:\/\/muvhaz.orlaihaz.mezobereny.hu\/?p=7405\">Trianon eml\u00e9km\u0171<\/a><\/li>\n<li>Pet\u0151fi k\u00f6rtef\u00e1ja<\/li>\n<li><a href=\"https:\/\/muvhaz.orlaihaz.mezobereny.hu\/?p=7419\">El\u0151deink eml\u00e9k\u00e9re eml\u00e9km\u0171<\/a><\/li>\n<li><a href=\"https:\/\/muvhaz.orlaihaz.mezobereny.hu\/?p=7417\">Millenniumi kopjafa<\/a><\/li>\n<\/ol>\n<\/li>\n<\/ol>\t\t\t\t\t\t<\/div>\n\t\t\t\t<\/div>\n\t\t\t\t<\/div>\n\t\t<div class=\"elementor-element elementor-element-dcea1c7 e-con-full e-flex e-con e-child\" data-id=\"dcea1c7\" data-element_type=\"container\">\n\t\t\t\t<div class=\"elementor-element elementor-element-f20dd5a elementor-widget elementor-widget-html\" data-id=\"f20dd5a\" data-element_type=\"widget\" data-widget_type=\"html.default\">\n\t\t\t\t<div class=\"elementor-widget-container\">\n\t\t\t<iframe src=\"https:\/\/www.google.com\/maps\/d\/embed?mid=1tyaC5Ou2vGz7le_ogFVrn-iBf-LTk6ri&ehbc=2E312F&noprof=1\" width=\"640\" height=\"480\"><\/iframe>\t\t<\/div>\n\t\t\t\t<\/div>\n\t\t\t\t<\/div>\n\t\t\t\t\t<\/div>\n\t\t\t\t<\/div>\n\t\t\t\t<\/div>\n\t\t","protected":false},"excerpt":{"rendered":"<p>Virtu\u00e1lis v\u00e1rosn\u00e9z\u00e9s I. \u00e9s II. vil\u00e1gh\u00e1bor\u00fas eml\u00e9km\u0171 &nbsp;Pet\u0151fi Mez\u0151ber\u00e9nyben N\u00e9pek bar\u00e1ts\u00e1ga Udvardy Anik\u00f3: Szendrey J\u00falia &nbsp;Bethlen G\u00e1bor, az erd\u00e9lyi fejedelem mellszobra La Charogne (a d\u00f6g)<\/p>\n","protected":false},"author":1,"featured_media":0,"parent":0,"menu_order":0,"comment_status":"closed","ping_status":"closed","template":"","meta":{"site-sidebar-layout":"no-sidebar","site-content-layout":"","ast-site-content-layout":"full-width-container","site-content-style":"default","site-sidebar-style":"default","ast-global-header-display":"","ast-banner-title-visibility":"","ast-main-header-display":"","ast-hfb-above-header-display":"","ast-hfb-below-header-display":"","ast-hfb-mobile-header-display":"","site-post-title":"disabled","ast-breadcrumbs-content":"","ast-featured-img":"disabled","footer-sml-layout":"","theme-transparent-header-meta":"","adv-header-id-meta":"","stick-header-meta":"","header-above-stick-meta":"","header-main-stick-meta":"","header-below-stick-meta":"","astra-migrate-meta-layouts":"default","ast-page-background-enabled":"default","ast-page-background-meta":{"desktop":{"background-color":"var(--ast-global-color-4)","background-image":"","background-repeat":"repeat","background-position":"center center","background-size":"auto","background-attachment":"scroll","background-type":"","background-media":"","overlay-type":"","overlay-color":"","overlay-opacity":"","overlay-gradient":""},"tablet":{"background-color":"","background-image":"","background-repeat":"repeat","background-position":"center center","background-size":"auto","background-attachment":"scroll","background-type":"","background-media":"","overlay-type":"","overlay-color":"","overlay-opacity":"","overlay-gradient":""},"mobile":{"background-color":"","background-image":"","background-repeat":"repeat","background-position":"center center","background-size":"auto","background-attachment":"scroll","background-type":"","background-media":"","overlay-type":"","overlay-color":"","overlay-opacity":"","overlay-gradient":""}},"ast-content-background-meta":{"desktop":{"background-color":"var(--ast-global-color-5)","background-image":"","background-repeat":"repeat","background-position":"center center","background-size":"auto","background-attachment":"scroll","background-type":"","background-media":"","overlay-type":"","overlay-color":"","overlay-opacity":"","overlay-gradient":""},"tablet":{"background-color":"var(--ast-global-color-5)","background-image":"","background-repeat":"repeat","background-position":"center center","background-size":"auto","background-attachment":"scroll","background-type":"","background-media":"","overlay-type":"","overlay-color":"","overlay-opacity":"","overlay-gradient":""},"mobile":{"background-color":"var(--ast-global-color-5)","background-image":"","background-repeat":"repeat","background-position":"center center","background-size":"auto","background-attachment":"scroll","background-type":"","background-media":"","overlay-type":"","overlay-color":"","overlay-opacity":"","overlay-gradient":""}},"ngg_post_thumbnail":0,"footnotes":""},"class_list":["post-7297","page","type-page","status-publish","hentry"],"_links":{"self":[{"href":"https:\/\/muvhaz.orlaihaz.mezobereny.hu\/index.php?rest_route=\/wp\/v2\/pages\/7297"}],"collection":[{"href":"https:\/\/muvhaz.orlaihaz.mezobereny.hu\/index.php?rest_route=\/wp\/v2\/pages"}],"about":[{"href":"https:\/\/muvhaz.orlaihaz.mezobereny.hu\/index.php?rest_route=\/wp\/v2\/types\/page"}],"author":[{"embeddable":true,"href":"https:\/\/muvhaz.orlaihaz.mezobereny.hu\/index.php?rest_route=\/wp\/v2\/users\/1"}],"replies":[{"embeddable":true,"href":"https:\/\/muvhaz.orlaihaz.mezobereny.hu\/index.php?rest_route=%2Fwp%2Fv2%2Fcomments&post=7297"}],"version-history":[{"count":36,"href":"https:\/\/muvhaz.orlaihaz.mezobereny.hu\/index.php?rest_route=\/wp\/v2\/pages\/7297\/revisions"}],"predecessor-version":[{"id":39871,"href":"https:\/\/muvhaz.orlaihaz.mezobereny.hu\/index.php?rest_route=\/wp\/v2\/pages\/7297\/revisions\/39871"}],"wp:attachment":[{"href":"https:\/\/muvhaz.orlaihaz.mezobereny.hu\/index.php?rest_route=%2Fwp%2Fv2%2Fmedia&parent=7297"}],"curies":[{"name":"wp","href":"https:\/\/api.w.org\/{rel}","templated":true}]}}