{"id":7455,"date":"2024-03-13T10:04:33","date_gmt":"2024-03-13T09:04:33","guid":{"rendered":"https:\/\/muvhaz.orlaihaz.mezobereny.hu\/?page_id=7455"},"modified":"2024-05-31T13:50:51","modified_gmt":"2024-05-31T11:50:51","slug":"tucsokvar-jatszohaz","status":"publish","type":"page","link":"https:\/\/muvhaz.orlaihaz.mezobereny.hu\/?page_id=7455","title":{"rendered":"T\u00fccs\u00f6kv\u00e1r j\u00e1tsz\u00f3h\u00e1z"},"content":{"rendered":"\t\t<div data-elementor-type=\"wp-page\" data-elementor-id=\"7455\" class=\"elementor elementor-7455\">\n\t\t\t\t<div class=\"elementor-element elementor-element-47a6f59 e-flex e-con-boxed e-con e-parent\" data-id=\"47a6f59\" data-element_type=\"container\">\n\t\t\t\t\t<div class=\"e-con-inner\">\n\t\t\t\t<div class=\"elementor-element elementor-element-d4ddadd elementor-widget elementor-widget-heading\" data-id=\"d4ddadd\" data-element_type=\"widget\" data-widget_type=\"heading.default\">\n\t\t\t\t<div class=\"elementor-widget-container\">\n\t\t\t<h2 class=\"elementor-heading-title elementor-size-default\">T\u00fccs\u00f6kv\u00e1r gyermek j\u00e1tsz\u00f3h\u00e1z<\/h2>\t\t<\/div>\n\t\t\t\t<\/div>\n\t\t\t\t\t<\/div>\n\t\t\t\t<\/div>\n\t\t<div class=\"elementor-element elementor-element-c6d35df e-flex e-con-boxed e-con e-parent\" data-id=\"c6d35df\" data-element_type=\"container\">\n\t\t\t\t\t<div class=\"e-con-inner\">\n\t\t<div class=\"elementor-element elementor-element-7f7ba99 e-con-full e-flex e-con e-child\" data-id=\"7f7ba99\" data-element_type=\"container\">\n\t\t\t\t<div class=\"elementor-element elementor-element-d5f9fc7 elementor-widget elementor-widget-text-editor\" data-id=\"d5f9fc7\" data-element_type=\"widget\" data-widget_type=\"text-editor.default\">\n\t\t\t\t<div class=\"elementor-widget-container\">\n\t\t\t\t\t\t\t<p>Ha sz\u00fclet\u00e9snap, n\u00e9vnap tartsd meg n\u00e1lunk! V\u00e1r t\u00e9ged a T\u00fccs\u00f6kv\u00e1r!<\/p><p>Gyermekenk\u00e9nt <span class=\"mark r\" data-id=\"b9c5b193-39be-4928-b3a1-931109d541fb\">500<\/span><span class=\"mark r\" data-id=\"b9c5b193-39be-4928-b3a1-931109d541fb\">Ft<\/span>\/30 perc <span class=\"mark r\" data-id=\"905588c1-6b2c-442e-a0c7-9509a38437c6\">Kis\u00e9r\u0151knek<\/span> ingyenes<\/p><p><strong>Nyitva tart\u00e1s: <\/strong>A m\u0171vh\u00e1z nyitva tart\u00e1si ideje szerint\u00a0<\/p><p><strong>Helysz\u00edn:<\/strong> Mez\u0151ber\u00e9ny F\u0151 \u00fat 6.<\/p><p><strong>H\u00e1zirend:<\/strong><\/p><ul><li>A J\u00e1tsz\u00f3h\u00e1z 0-12 \u00e9ves kor k\u00f6z\u00f6tt csak k\u00eds\u00e9r\u0151 fel\u00fcgyelete mellett vehet\u0151 ig\u00e9nybe. K\u00eds\u00e9r\u0151 csak 18 \u00e9ven fel\u00fcli <br \/>lehet.<\/li><li>A j\u00e1tsz\u00f3h\u00e1z szolg\u00e1ltat\u00e1sai 12 \u00e9ves korig, illetve maximum 50 kg-os tests\u00falyig, valamint maximum 160 cm-es <br \/>testmagass\u00e1gig vehet\u0151k ig\u00e9nybe.<\/li><li>K\u00eds\u00e9r\u0151k cip\u0151 n\u00e9lk\u00fcl, zokniban tart\u00f3zkodhatnak a j\u00e1tsz\u00f3t\u00e9rben. Gyermekek a J\u00e1tsz\u00f3h\u00e1zba zokniban mehetnek be,<\/li><li>A J\u00e1tsz\u00f3h\u00e1zban egyszerre maximum 10 gyermek \u00e9s gyerekenk\u00e9nt maximum 2 kis\u00e9r\u0151 tart\u00f3zkodhat<\/li><\/ul>\t\t\t\t\t\t<\/div>\n\t\t\t\t<\/div>\n\t\t\t\t<\/div>\n\t\t<div class=\"elementor-element elementor-element-8588c7e e-con-full e-flex e-con e-child\" data-id=\"8588c7e\" data-element_type=\"container\">\n\t\t<div class=\"elementor-element elementor-element-137fa6c e-flex e-con-boxed e-con e-child\" data-id=\"137fa6c\" data-element_type=\"container\">\n\t\t\t\t\t<div class=\"e-con-inner\">\n\t\t\t\t<div class=\"elementor-element elementor-element-a0e9132 elementor-widget elementor-widget-image\" data-id=\"a0e9132\" data-element_type=\"widget\" data-widget_type=\"image.default\">\n\t\t\t\t<div class=\"elementor-widget-container\">\n\t\t\t\t\t\t\t\t\t\t\t\t\t<img fetchpriority=\"high\" decoding=\"async\" width=\"1024\" height=\"683\" src=\"https:\/\/muvhaz.orlaihaz.mezobereny.hu\/wp-content\/uploads\/sites\/2\/2024\/05\/OPS_6586.jpg\" class=\"attachment-large size-large wp-image-34411\" alt=\"\" srcset=\"https:\/\/muvhaz.orlaihaz.mezobereny.hu\/wp-content\/uploads\/sites\/2\/2024\/05\/OPS_6586.jpg 1024w, https:\/\/muvhaz.orlaihaz.mezobereny.hu\/wp-content\/uploads\/sites\/2\/2024\/05\/OPS_6586-300x200.jpg 300w, https:\/\/muvhaz.orlaihaz.mezobereny.hu\/wp-content\/uploads\/sites\/2\/2024\/05\/OPS_6586-768x512.jpg 768w\" sizes=\"(max-width: 1024px) 100vw, 1024px\" \/>\t\t\t\t\t\t\t\t\t\t\t\t\t<\/div>\n\t\t\t\t<\/div>\n\t\t\t\t\t<\/div>\n\t\t\t\t<\/div>\n\t\t<div class=\"elementor-element elementor-element-912d780 e-flex e-con-boxed e-con e-child\" data-id=\"912d780\" data-element_type=\"container\">\n\t\t\t\t\t<div class=\"e-con-inner\">\n\t\t\t\t<div class=\"elementor-element elementor-element-17087e6 elementor-widget__width-initial elementor-widget elementor-widget-image\" data-id=\"17087e6\" data-element_type=\"widget\" data-widget_type=\"image.default\">\n\t\t\t\t<div class=\"elementor-widget-container\">\n\t\t\t\t\t\t\t\t\t\t\t\t\t<img decoding=\"async\" width=\"1024\" height=\"683\" src=\"https:\/\/muvhaz.orlaihaz.mezobereny.hu\/wp-content\/uploads\/sites\/2\/2024\/05\/OPS_6589.jpg\" class=\"attachment-full size-full wp-image-34412\" alt=\"\" srcset=\"https:\/\/muvhaz.orlaihaz.mezobereny.hu\/wp-content\/uploads\/sites\/2\/2024\/05\/OPS_6589.jpg 1024w, https:\/\/muvhaz.orlaihaz.mezobereny.hu\/wp-content\/uploads\/sites\/2\/2024\/05\/OPS_6589-300x200.jpg 300w, https:\/\/muvhaz.orlaihaz.mezobereny.hu\/wp-content\/uploads\/sites\/2\/2024\/05\/OPS_6589-768x512.jpg 768w\" sizes=\"(max-width: 1024px) 100vw, 1024px\" \/>\t\t\t\t\t\t\t\t\t\t\t\t\t<\/div>\n\t\t\t\t<\/div>\n\t\t\t\t\t<\/div>\n\t\t\t\t<\/div>\n\t\t\t\t<\/div>\n\t\t\t\t\t<\/div>\n\t\t\t\t<\/div>\n\t\t\t\t<\/div>\n\t\t","protected":false},"excerpt":{"rendered":"<p>T\u00fccs\u00f6kv\u00e1r gyermek j\u00e1tsz\u00f3h\u00e1z Ha sz\u00fclet\u00e9snap, n\u00e9vnap tartsd meg n\u00e1lunk! V\u00e1r t\u00e9ged a T\u00fccs\u00f6kv\u00e1r! Gyermekenk\u00e9nt 500Ft\/30 perc Kis\u00e9r\u0151knek ingyenes Nyitva tart\u00e1s: A m\u0171vh\u00e1z nyitva tart\u00e1si ideje szerint\u00a0 Helysz\u00edn: Mez\u0151ber\u00e9ny F\u0151 \u00fat [&hellip;]<\/p>\n","protected":false},"author":1,"featured_media":0,"parent":0,"menu_order":0,"comment_status":"closed","ping_status":"closed","template":"","meta":{"site-sidebar-layout":"no-sidebar","site-content-layout":"","ast-site-content-layout":"full-width-container","site-content-style":"default","site-sidebar-style":"default","ast-global-header-display":"","ast-banner-title-visibility":"","ast-main-header-display":"","ast-hfb-above-header-display":"","ast-hfb-below-header-display":"","ast-hfb-mobile-header-display":"","site-post-title":"disabled","ast-breadcrumbs-content":"","ast-featured-img":"disabled","footer-sml-layout":"","theme-transparent-header-meta":"","adv-header-id-meta":"","stick-header-meta":"","header-above-stick-meta":"","header-main-stick-meta":"","header-below-stick-meta":"","astra-migrate-meta-layouts":"default","ast-page-background-enabled":"default","ast-page-background-meta":{"desktop":{"background-color":"var(--ast-global-color-4)","background-image":"","background-repeat":"repeat","background-position":"center center","background-size":"auto","background-attachment":"scroll","background-type":"","background-media":"","overlay-type":"","overlay-color":"","overlay-opacity":"","overlay-gradient":""},"tablet":{"background-color":"","background-image":"","background-repeat":"repeat","background-position":"center center","background-size":"auto","background-attachment":"scroll","background-type":"","background-media":"","overlay-type":"","overlay-color":"","overlay-opacity":"","overlay-gradient":""},"mobile":{"background-color":"","background-image":"","background-repeat":"repeat","background-position":"center center","background-size":"auto","background-attachment":"scroll","background-type":"","background-media":"","overlay-type":"","overlay-color":"","overlay-opacity":"","overlay-gradient":""}},"ast-content-background-meta":{"desktop":{"background-color":"var(--ast-global-color-5)","background-image":"","background-repeat":"repeat","background-position":"center center","background-size":"auto","background-attachment":"scroll","background-type":"","background-media":"","overlay-type":"","overlay-color":"","overlay-opacity":"","overlay-gradient":""},"tablet":{"background-color":"var(--ast-global-color-5)","background-image":"","background-repeat":"repeat","background-position":"center center","background-size":"auto","background-attachment":"scroll","background-type":"","background-media":"","overlay-type":"","overlay-color":"","overlay-opacity":"","overlay-gradient":""},"mobile":{"background-color":"var(--ast-global-color-5)","background-image":"","background-repeat":"repeat","background-position":"center center","background-size":"auto","background-attachment":"scroll","background-type":"","background-media":"","overlay-type":"","overlay-color":"","overlay-opacity":"","overlay-gradient":""}},"ngg_post_thumbnail":0,"footnotes":""},"class_list":["post-7455","page","type-page","status-publish","hentry"],"_links":{"self":[{"href":"https:\/\/muvhaz.orlaihaz.mezobereny.hu\/index.php?rest_route=\/wp\/v2\/pages\/7455"}],"collection":[{"href":"https:\/\/muvhaz.orlaihaz.mezobereny.hu\/index.php?rest_route=\/wp\/v2\/pages"}],"about":[{"href":"https:\/\/muvhaz.orlaihaz.mezobereny.hu\/index.php?rest_route=\/wp\/v2\/types\/page"}],"author":[{"embeddable":true,"href":"https:\/\/muvhaz.orlaihaz.mezobereny.hu\/index.php?rest_route=\/wp\/v2\/users\/1"}],"replies":[{"embeddable":true,"href":"https:\/\/muvhaz.orlaihaz.mezobereny.hu\/index.php?rest_route=%2Fwp%2Fv2%2Fcomments&post=7455"}],"version-history":[{"count":4,"href":"https:\/\/muvhaz.orlaihaz.mezobereny.hu\/index.php?rest_route=\/wp\/v2\/pages\/7455\/revisions"}],"predecessor-version":[{"id":34421,"href":"https:\/\/muvhaz.orlaihaz.mezobereny.hu\/index.php?rest_route=\/wp\/v2\/pages\/7455\/revisions\/34421"}],"wp:attachment":[{"href":"https:\/\/muvhaz.orlaihaz.mezobereny.hu\/index.php?rest_route=%2Fwp%2Fv2%2Fmedia&parent=7455"}],"curies":[{"name":"wp","href":"https:\/\/api.w.org\/{rel}","templated":true}]}}