{"id":7456,"date":"2024-03-13T10:04:33","date_gmt":"2024-03-13T09:04:33","guid":{"rendered":"https:\/\/muvhaz.orlaihaz.mezobereny.hu\/?page_id=7456"},"modified":"2024-05-31T11:10:28","modified_gmt":"2024-05-31T09:10:28","slug":"teremberlet","status":"publish","type":"page","link":"https:\/\/muvhaz.orlaihaz.mezobereny.hu\/?page_id=7456","title":{"rendered":"Teremb\u00e9rlet"},"content":{"rendered":"\t\t<div data-elementor-type=\"wp-page\" data-elementor-id=\"7456\" class=\"elementor elementor-7456\">\n\t\t\t\t<div class=\"elementor-element elementor-element-d11f004 e-flex e-con-boxed e-con e-parent\" data-id=\"d11f004\" data-element_type=\"container\">\n\t\t\t\t\t<div class=\"e-con-inner\">\n\t\t\t\t<div class=\"elementor-element elementor-element-c5bb195 elementor-widget elementor-widget-heading\" data-id=\"c5bb195\" data-element_type=\"widget\" data-widget_type=\"heading.default\">\n\t\t\t\t<div class=\"elementor-widget-container\">\n\t\t\t<h2 class=\"elementor-heading-title elementor-size-default\">Teremb\u00e9rlet<\/h2>\t\t<\/div>\n\t\t\t\t<\/div>\n\t\t\t\t\t<\/div>\n\t\t\t\t<\/div>\n\t\t<div class=\"elementor-element elementor-element-ee82fa1 e-flex e-con-boxed e-con e-parent\" data-id=\"ee82fa1\" data-element_type=\"container\">\n\t\t\t\t\t<div class=\"e-con-inner\">\n\t\t<div class=\"elementor-element elementor-element-7fac9e1 e-con-full e-flex e-con e-child\" data-id=\"7fac9e1\" data-element_type=\"container\">\n\t\t\t\t<div class=\"elementor-element elementor-element-991dd07 elementor-widget elementor-widget-image\" data-id=\"991dd07\" data-element_type=\"widget\" data-widget_type=\"image.default\">\n\t\t\t\t<div class=\"elementor-widget-container\">\n\t\t\t\t\t\t\t\t\t\t\t\t\t<img fetchpriority=\"high\" decoding=\"async\" width=\"1024\" height=\"683\" src=\"https:\/\/muvhaz.orlaihaz.mezobereny.hu\/wp-content\/uploads\/sites\/2\/2024\/05\/OPS_0010.jpg\" class=\"attachment-large size-large wp-image-34402\" alt=\"\" srcset=\"https:\/\/muvhaz.orlaihaz.mezobereny.hu\/wp-content\/uploads\/sites\/2\/2024\/05\/OPS_0010.jpg 1024w, https:\/\/muvhaz.orlaihaz.mezobereny.hu\/wp-content\/uploads\/sites\/2\/2024\/05\/OPS_0010-300x200.jpg 300w, https:\/\/muvhaz.orlaihaz.mezobereny.hu\/wp-content\/uploads\/sites\/2\/2024\/05\/OPS_0010-768x512.jpg 768w\" sizes=\"(max-width: 1024px) 100vw, 1024px\" \/>\t\t\t\t\t\t\t\t\t\t\t\t\t<\/div>\n\t\t\t\t<\/div>\n\t\t\t\t<\/div>\n\t\t<div class=\"elementor-element elementor-element-8af91f0 e-con-full e-flex e-con e-child\" data-id=\"8af91f0\" data-element_type=\"container\">\n\t\t\t\t<div class=\"elementor-element elementor-element-6dd9295 elementor-widget elementor-widget-text-editor\" data-id=\"6dd9295\" data-element_type=\"widget\" data-widget_type=\"text-editor.default\">\n\t\t\t\t<div class=\"elementor-widget-container\">\n\t\t\t\t\t\t\t<p>\u00a0<\/p><p>\u00a0<\/p><p><strong>Sz\u00ednh\u00e1z terem<\/strong>: brutt\u00f3 <strong>14700Ft<\/strong>\/\u00f3ra F\u00e9r\u0151hely <strong>337+40<\/strong> F\u0151 p\u00f3tsz\u00e9kkel<\/p>\t\t\t\t\t\t<\/div>\n\t\t\t\t<\/div>\n\t\t\t\t<\/div>\n\t\t<div class=\"elementor-element elementor-element-8eac50b e-con-full e-flex e-con e-child\" data-id=\"8eac50b\" data-element_type=\"container\">\n\t\t\t\t<div class=\"elementor-element elementor-element-8a571e5 elementor-widget elementor-widget-image\" data-id=\"8a571e5\" data-element_type=\"widget\" data-widget_type=\"image.default\">\n\t\t\t\t<div class=\"elementor-widget-container\">\n\t\t\t\t\t\t\t\t\t\t\t\t\t<img decoding=\"async\" width=\"1024\" height=\"683\" src=\"https:\/\/muvhaz.orlaihaz.mezobereny.hu\/wp-content\/uploads\/sites\/2\/2024\/05\/OPS_0015.jpg\" class=\"attachment-large size-large wp-image-34403\" alt=\"\" srcset=\"https:\/\/muvhaz.orlaihaz.mezobereny.hu\/wp-content\/uploads\/sites\/2\/2024\/05\/OPS_0015.jpg 1024w, https:\/\/muvhaz.orlaihaz.mezobereny.hu\/wp-content\/uploads\/sites\/2\/2024\/05\/OPS_0015-300x200.jpg 300w, https:\/\/muvhaz.orlaihaz.mezobereny.hu\/wp-content\/uploads\/sites\/2\/2024\/05\/OPS_0015-768x512.jpg 768w\" sizes=\"(max-width: 1024px) 100vw, 1024px\" \/>\t\t\t\t\t\t\t\t\t\t\t\t\t<\/div>\n\t\t\t\t<\/div>\n\t\t\t\t<\/div>\n\t\t<div class=\"elementor-element elementor-element-a3b7dac e-con-full e-flex e-con e-child\" data-id=\"a3b7dac\" data-element_type=\"container\">\n\t\t\t\t<div class=\"elementor-element elementor-element-6f90f30 elementor-widget elementor-widget-text-editor\" data-id=\"6f90f30\" data-element_type=\"widget\" data-widget_type=\"text-editor.default\">\n\t\t\t\t<div class=\"elementor-widget-container\">\n\t\t\t\t\t\t\t<p>\u00a0<\/p><p>\u00a0<\/p><p><strong>Aula<\/strong>: brutt\u00f3<strong> 3500Ft<\/strong>\/\u00f3ra <strong>40<\/strong> F\u0151<\/p>\t\t\t\t\t\t<\/div>\n\t\t\t\t<\/div>\n\t\t\t\t<\/div>\n\t\t<div class=\"elementor-element elementor-element-6e274ca e-flex e-con-boxed e-con e-child\" data-id=\"6e274ca\" data-element_type=\"container\">\n\t\t\t\t\t<div class=\"e-con-inner\">\n\t\t<div class=\"elementor-element elementor-element-6a8fb56 e-con-full e-flex e-con e-child\" data-id=\"6a8fb56\" data-element_type=\"container\">\n\t\t\t\t<div class=\"elementor-element elementor-element-9b0eb2f elementor-widget elementor-widget-image\" data-id=\"9b0eb2f\" data-element_type=\"widget\" data-widget_type=\"image.default\">\n\t\t\t\t<div class=\"elementor-widget-container\">\n\t\t\t\t\t\t\t\t\t\t\t\t\t<img decoding=\"async\" width=\"1024\" height=\"683\" src=\"https:\/\/muvhaz.orlaihaz.mezobereny.hu\/wp-content\/uploads\/sites\/2\/2024\/05\/OPS_0003.jpg\" class=\"attachment-large size-large wp-image-34399\" alt=\"\" srcset=\"https:\/\/muvhaz.orlaihaz.mezobereny.hu\/wp-content\/uploads\/sites\/2\/2024\/05\/OPS_0003.jpg 1024w, https:\/\/muvhaz.orlaihaz.mezobereny.hu\/wp-content\/uploads\/sites\/2\/2024\/05\/OPS_0003-300x200.jpg 300w, https:\/\/muvhaz.orlaihaz.mezobereny.hu\/wp-content\/uploads\/sites\/2\/2024\/05\/OPS_0003-768x512.jpg 768w\" sizes=\"(max-width: 1024px) 100vw, 1024px\" \/>\t\t\t\t\t\t\t\t\t\t\t\t\t<\/div>\n\t\t\t\t<\/div>\n\t\t\t\t<\/div>\n\t\t<div class=\"elementor-element elementor-element-05a6271 e-con-full e-flex e-con e-child\" data-id=\"05a6271\" data-element_type=\"container\">\n\t\t\t\t<div class=\"elementor-element elementor-element-e7ce37c elementor-widget elementor-widget-text-editor\" data-id=\"e7ce37c\" data-element_type=\"widget\" data-widget_type=\"text-editor.default\">\n\t\t\t\t<div class=\"elementor-widget-container\">\n\t\t\t\t\t\t\t<p>\u00a0<\/p><p>\u00a0<\/p><p><strong>1-es klubterem<\/strong>: max <strong>40<\/strong> F\u0151 Brutt\u00f3 <strong>2400Ft<\/strong>\/\u00f3ra<\/p>\t\t\t\t\t\t<\/div>\n\t\t\t\t<\/div>\n\t\t\t\t<\/div>\n\t\t<div class=\"elementor-element elementor-element-d26bd89 e-con-full e-flex e-con e-child\" data-id=\"d26bd89\" data-element_type=\"container\">\n\t\t\t\t<div class=\"elementor-element elementor-element-94dc5fb elementor-widget elementor-widget-image\" data-id=\"94dc5fb\" data-element_type=\"widget\" data-widget_type=\"image.default\">\n\t\t\t\t<div class=\"elementor-widget-container\">\n\t\t\t\t\t\t\t\t\t\t\t\t\t<img decoding=\"async\" src=\"https:\/\/muvhaz.orlaihaz.mezobereny.hu\/wp-content\/uploads\/sites\/2\/2024\/05\/OPS_0006.jpg\" title=\"\" alt=\"\" loading=\"lazy\" \/>\t\t\t\t\t\t\t\t\t\t\t\t\t<\/div>\n\t\t\t\t<\/div>\n\t\t\t\t<\/div>\n\t\t<div class=\"elementor-element elementor-element-be3cabf e-con-full e-flex e-con e-child\" data-id=\"be3cabf\" data-element_type=\"container\">\n\t\t\t\t<div class=\"elementor-element elementor-element-d1ce6ff elementor-widget elementor-widget-text-editor\" data-id=\"d1ce6ff\" data-element_type=\"widget\" data-widget_type=\"text-editor.default\">\n\t\t\t\t<div class=\"elementor-widget-container\">\n\t\t\t\t\t\t\t<p>\u00a0<\/p><p>\u00a0<\/p><p><strong>2-es klubterem<\/strong>:<strong> 25<\/strong> F\u0151 brutt\u00f3 <strong>2400Ft<\/strong>\/\u00f3ra<\/p>\t\t\t\t\t\t<\/div>\n\t\t\t\t<\/div>\n\t\t\t\t<\/div>\n\t\t\t\t\t<\/div>\n\t\t\t\t<\/div>\n\t\t\t\t\t<\/div>\n\t\t\t\t<\/div>\n\t\t<div class=\"elementor-element elementor-element-fe9735c e-flex e-con-boxed e-con e-parent\" data-id=\"fe9735c\" data-element_type=\"container\">\n\t\t\t\t\t<div class=\"e-con-inner\">\n\t\t<div class=\"elementor-element elementor-element-e1c767d e-con-full e-flex e-con e-child\" data-id=\"e1c767d\" data-element_type=\"container\">\n\t\t\t\t<div class=\"elementor-element elementor-element-1573fba elementor-widget elementor-widget-image\" data-id=\"1573fba\" data-element_type=\"widget\" data-widget_type=\"image.default\">\n\t\t\t\t<div class=\"elementor-widget-container\">\n\t\t\t\t\t\t\t\t\t\t\t\t\t<img decoding=\"async\" src=\"https:\/\/muvhaz.orlaihaz.mezobereny.hu\/wp-content\/uploads\/sites\/2\/2024\/05\/OPS_0002.jpg\" title=\"\" alt=\"\" loading=\"lazy\" \/>\t\t\t\t\t\t\t\t\t\t\t\t\t<\/div>\n\t\t\t\t<\/div>\n\t\t\t\t<\/div>\n\t\t<div class=\"elementor-element elementor-element-30e97e4 e-con-full e-flex e-con e-child\" data-id=\"30e97e4\" data-element_type=\"container\">\n\t\t\t\t<div class=\"elementor-element elementor-element-f0c2e7d elementor-widget elementor-widget-text-editor\" data-id=\"f0c2e7d\" data-element_type=\"widget\" data-widget_type=\"text-editor.default\">\n\t\t\t\t<div class=\"elementor-widget-container\">\n\t\t\t\t\t\t\t<p>\u00a0<\/p><p>\u00a0<\/p><p><strong>T\u00e1rgyal\u00f3<\/strong>: <strong>20<\/strong> F\u0151 Brutt\u00f3 <strong>2400Ft<\/strong>\/\u00f3ra<\/p>\t\t\t\t\t\t<\/div>\n\t\t\t\t<\/div>\n\t\t\t\t<\/div>\n\t\t<div class=\"elementor-element elementor-element-4df354d e-con-full e-flex e-con e-child\" data-id=\"4df354d\" data-element_type=\"container\">\n\t\t\t\t<div class=\"elementor-element elementor-element-45e9223 elementor-widget elementor-widget-image\" data-id=\"45e9223\" data-element_type=\"widget\" data-widget_type=\"image.default\">\n\t\t\t\t<div class=\"elementor-widget-container\">\n\t\t\t\t\t\t\t\t\t\t\t\t\t<img decoding=\"async\" src=\"https:\/\/muvhaz.orlaihaz.mezobereny.hu\/wp-content\/uploads\/sites\/2\/2024\/05\/OPS_0007.jpg\" title=\"\" alt=\"\" loading=\"lazy\" \/>\t\t\t\t\t\t\t\t\t\t\t\t\t<\/div>\n\t\t\t\t<\/div>\n\t\t\t\t<\/div>\n\t\t<div class=\"elementor-element elementor-element-e9f809c e-con-full e-flex e-con e-child\" data-id=\"e9f809c\" data-element_type=\"container\">\n\t\t\t\t<div class=\"elementor-element elementor-element-bc29942 elementor-widget elementor-widget-text-editor\" data-id=\"bc29942\" data-element_type=\"widget\" data-widget_type=\"text-editor.default\">\n\t\t\t\t<div class=\"elementor-widget-container\">\n\t\t\t\t\t\t\t<p>\u00a0<\/p><p>\u00a0<\/p><p><strong>Pet\u0151fi eml\u00e9kszoba<\/strong>: Brutt\u00f3<strong> 2400Ft<\/strong>\/\u00f3ra max<strong> 50<\/strong> F\u0151<\/p>\t\t\t\t\t\t<\/div>\n\t\t\t\t<\/div>\n\t\t\t\t<\/div>\n\t\t\t\t\t<\/div>\n\t\t\t\t<\/div>\n\t\t\t\t<\/div>\n\t\t","protected":false},"excerpt":{"rendered":"<p>Teremb\u00e9rlet \u00a0 \u00a0 Sz\u00ednh\u00e1z terem: brutt\u00f3 14700Ft\/\u00f3ra F\u00e9r\u0151hely 337+40 F\u0151 p\u00f3tsz\u00e9kkel \u00a0 \u00a0 Aula: brutt\u00f3 3500Ft\/\u00f3ra 40 F\u0151 \u00a0 \u00a0 1-es klubterem: max 40 F\u0151 Brutt\u00f3 2400Ft\/\u00f3ra \u00a0 \u00a0 2-es [&hellip;]<\/p>\n","protected":false},"author":1,"featured_media":0,"parent":0,"menu_order":0,"comment_status":"closed","ping_status":"closed","template":"","meta":{"site-sidebar-layout":"no-sidebar","site-content-layout":"","ast-site-content-layout":"full-width-container","site-content-style":"default","site-sidebar-style":"default","ast-global-header-display":"","ast-banner-title-visibility":"","ast-main-header-display":"","ast-hfb-above-header-display":"","ast-hfb-below-header-display":"","ast-hfb-mobile-header-display":"","site-post-title":"disabled","ast-breadcrumbs-content":"","ast-featured-img":"disabled","footer-sml-layout":"","theme-transparent-header-meta":"","adv-header-id-meta":"","stick-header-meta":"","header-above-stick-meta":"","header-main-stick-meta":"","header-below-stick-meta":"","astra-migrate-meta-layouts":"default","ast-page-background-enabled":"default","ast-page-background-meta":{"desktop":{"background-color":"var(--ast-global-color-4)","background-image":"","background-repeat":"repeat","background-position":"center center","background-size":"auto","background-attachment":"scroll","background-type":"","background-media":"","overlay-type":"","overlay-color":"","overlay-opacity":"","overlay-gradient":""},"tablet":{"background-color":"","background-image":"","background-repeat":"repeat","background-position":"center center","background-size":"auto","background-attachment":"scroll","background-type":"","background-media":"","overlay-type":"","overlay-color":"","overlay-opacity":"","overlay-gradient":""},"mobile":{"background-color":"","background-image":"","background-repeat":"repeat","background-position":"center center","background-size":"auto","background-attachment":"scroll","background-type":"","background-media":"","overlay-type":"","overlay-color":"","overlay-opacity":"","overlay-gradient":""}},"ast-content-background-meta":{"desktop":{"background-color":"var(--ast-global-color-5)","background-image":"","background-repeat":"repeat","background-position":"center center","background-size":"auto","background-attachment":"scroll","background-type":"","background-media":"","overlay-type":"","overlay-color":"","overlay-opacity":"","overlay-gradient":""},"tablet":{"background-color":"var(--ast-global-color-5)","background-image":"","background-repeat":"repeat","background-position":"center center","background-size":"auto","background-attachment":"scroll","background-type":"","background-media":"","overlay-type":"","overlay-color":"","overlay-opacity":"","overlay-gradient":""},"mobile":{"background-color":"var(--ast-global-color-5)","background-image":"","background-repeat":"repeat","background-position":"center center","background-size":"auto","background-attachment":"scroll","background-type":"","background-media":"","overlay-type":"","overlay-color":"","overlay-opacity":"","overlay-gradient":""}},"ngg_post_thumbnail":0,"footnotes":""},"class_list":["post-7456","page","type-page","status-publish","hentry"],"_links":{"self":[{"href":"https:\/\/muvhaz.orlaihaz.mezobereny.hu\/index.php?rest_route=\/wp\/v2\/pages\/7456"}],"collection":[{"href":"https:\/\/muvhaz.orlaihaz.mezobereny.hu\/index.php?rest_route=\/wp\/v2\/pages"}],"about":[{"href":"https:\/\/muvhaz.orlaihaz.mezobereny.hu\/index.php?rest_route=\/wp\/v2\/types\/page"}],"author":[{"embeddable":true,"href":"https:\/\/muvhaz.orlaihaz.mezobereny.hu\/index.php?rest_route=\/wp\/v2\/users\/1"}],"replies":[{"embeddable":true,"href":"https:\/\/muvhaz.orlaihaz.mezobereny.hu\/index.php?rest_route=%2Fwp%2Fv2%2Fcomments&post=7456"}],"version-history":[{"count":16,"href":"https:\/\/muvhaz.orlaihaz.mezobereny.hu\/index.php?rest_route=\/wp\/v2\/pages\/7456\/revisions"}],"predecessor-version":[{"id":34407,"href":"https:\/\/muvhaz.orlaihaz.mezobereny.hu\/index.php?rest_route=\/wp\/v2\/pages\/7456\/revisions\/34407"}],"wp:attachment":[{"href":"https:\/\/muvhaz.orlaihaz.mezobereny.hu\/index.php?rest_route=%2Fwp%2Fv2%2Fmedia&parent=7456"}],"curies":[{"name":"wp","href":"https:\/\/api.w.org\/{rel}","templated":true}]}}