{"id":7457,"date":"2024-03-13T10:04:33","date_gmt":"2024-03-13T09:04:33","guid":{"rendered":"https:\/\/muvhaz.orlaihaz.mezobereny.hu\/?page_id=7457"},"modified":"2024-06-03T09:25:55","modified_gmt":"2024-06-03T07:25:55","slug":"nyomtatas-skenneles","status":"publish","type":"page","link":"https:\/\/muvhaz.orlaihaz.mezobereny.hu\/?page_id=7457","title":{"rendered":"nyomtat\u00e1s, szkennel\u00e9s"},"content":{"rendered":"\t\t<div data-elementor-type=\"wp-page\" data-elementor-id=\"7457\" class=\"elementor elementor-7457\">\n\t\t\t\t<div class=\"elementor-element elementor-element-53d4d62d e-flex e-con-boxed e-con e-parent\" data-id=\"53d4d62d\" data-element_type=\"container\">\n\t\t\t\t\t<div class=\"e-con-inner\">\n\t\t\t\t<div class=\"elementor-element elementor-element-68396c99 elementor-widget elementor-widget-text-editor\" data-id=\"68396c99\" data-element_type=\"widget\" data-widget_type=\"text-editor.default\">\n\t\t\t\t<div class=\"elementor-widget-container\">\n\t\t\t\t\t\t\t<h4><strong>Nyomtat\u00e1s, Szkennel\u00e9s<\/strong><\/h4><p>A szolg\u00e1ltat\u00e1sok az int\u00e9zm\u00e9ny nyitvatart\u00e1si idej\u00e9ben vehet\u0151k ig\u00e9nybe.<\/p><p><strong>Reprogr\u00e1fiai szolg\u00e1ltat\u00e1s:<\/strong><\/p><p><strong>\u00a0 \u00a0 \u00a0 \u00a0 \u00a0 \u00a0F\u00e9nym\u00e1sol\u00e1s, nyomtat\u00e1s:<\/strong><\/p><table><tbody><tr><td width=\"255\"><strong>K\u00edv\u00fcl\u00e1ll\u00f3k r\u00e9sz\u00e9re<\/strong><\/td><td width=\"236\"><strong>\u00c1ra (Fekete)<\/strong><\/td><td width=\"215\"><strong>\u00c1ra (Sz\u00ednes)<\/strong><\/td><\/tr><tr><td width=\"255\">A\/4 egyoldalas<\/td><td width=\"236\">35,- Ft<\/td><td width=\"215\">205,- Ft<\/td><\/tr><tr><td width=\"255\">A\/4 k\u00e9toldalas<\/td><td width=\"236\">60,- Ft<\/td><td width=\"215\">405,- Ft<\/td><\/tr><tr><td width=\"255\">A\/3 egyoldalas<\/td><td width=\"236\">60,- Ft<\/td><td width=\"215\">405,- Ft<\/td><\/tr><tr><td width=\"255\">A\/3 k\u00e9toldalas<\/td><td width=\"236\">110,- Ft<\/td><td width=\"215\">835,- Ft<\/td><\/tr><\/tbody><\/table><p><strong>\u00a0<\/strong><\/p><p><u>Az int\u00e9zm\u00e9ny keretein bel\u00fcl m\u0171k\u00f6d\u0151 szakk\u00f6r\u00f6k, civil szervezetek r\u00e9sz\u00e9re: A fenti \u00f6sszeg f\u00e9l\u00e1ron.<\/u><\/p><p><strong>\u00a0<\/strong><\/p><table><tbody><tr><td width=\"384\"><strong>Sz\u00e1m\u00edt\u00f3g\u00e9pes szkennel\u00e9s:<\/strong><\/td><td width=\"384\"><strong>65.-Ft\/oldal<\/strong><\/td><\/tr><tr><td width=\"384\"><strong>CD + CD-re \u00edr\u00e1s (<\/strong>el\u0151re megszerkesztett anyagb\u00f3l<strong>)<\/strong><\/td><td width=\"384\"><strong>275.-Ft\/db + 65Ft.-\/alkalom<\/strong><\/td><\/tr><tr><td width=\"384\"><strong>DvD + DvD-re \u00edr\u00e1s (<\/strong>el\u0151re megszerkesztett anyagb\u00f3l<strong>)<\/strong><\/td><td width=\"384\"><p><strong>580.-Ft\/db + 65.-\/alkalom<\/strong><\/p><\/td><\/tr><tr><td width=\"384\"><strong>Telefaxhaszn\u00e1lata (<\/strong>csak belf\u00f6ldre<strong>)<\/strong><\/td><td width=\"384\"><strong>205.-Ft\/A\/4 \u2013es oldal<\/strong><\/td><\/tr><\/tbody><\/table><p><strong>\u00a0<\/strong><\/p><p><strong>Spir\u00e1loz\u00e1s:<\/strong><\/p><table><tbody><tr><td width=\"384\"><strong>25 <\/strong>lap-ig<\/td><td width=\"384\"><strong>355.- Ft<\/strong><\/td><\/tr><tr><td width=\"384\"><strong>45 <\/strong>lap-ig<\/td><td width=\"384\"><strong>405.- Ft<\/strong><\/td><\/tr><tr><td width=\"384\"><strong>65 <\/strong>lap-ig<\/td><td width=\"384\"><strong>460.- Ft<\/strong><\/td><\/tr><tr><td width=\"384\"><strong>100 <\/strong>lap-ig<\/td><td width=\"384\"><strong>510.- Ft<\/strong><\/td><\/tr><tr><td width=\"384\"><strong>125 <\/strong>lap-ig<\/td><td width=\"384\"><strong>560.- Ft<\/strong><\/td><\/tr><tr><td width=\"384\"><strong>250 <\/strong>lap-ig<\/td><td width=\"384\"><strong>1120.- Ft<\/strong><\/td><\/tr><tr><td width=\"384\"><strong>Lamin\u00e1l\u00e1s A\/4<\/strong><\/td><td width=\"384\"><strong>255.-Ft\/<\/strong>lap<\/td><\/tr><tr><td width=\"384\"><strong>Lamin\u00e1l\u00e1s A\/3<\/strong><\/td><td width=\"384\"><strong>355.-Ft\/<\/strong>lap<\/td><\/tr><\/tbody><\/table><p>\u00a0<\/p>\t\t\t\t\t\t<\/div>\n\t\t\t\t<\/div>\n\t\t\t\t\t<\/div>\n\t\t\t\t<\/div>\n\t\t\t\t<\/div>\n\t\t","protected":false},"excerpt":{"rendered":"<p>Nyomtat\u00e1s, Szkennel\u00e9s A szolg\u00e1ltat\u00e1sok az int\u00e9zm\u00e9ny nyitvatart\u00e1si idej\u00e9ben vehet\u0151k ig\u00e9nybe. Reprogr\u00e1fiai szolg\u00e1ltat\u00e1s: \u00a0 \u00a0 \u00a0 \u00a0 \u00a0 \u00a0F\u00e9nym\u00e1sol\u00e1s, nyomtat\u00e1s: K\u00edv\u00fcl\u00e1ll\u00f3k r\u00e9sz\u00e9re \u00c1ra (Fekete) \u00c1ra (Sz\u00ednes) A\/4 egyoldalas 35,- Ft 205,- [&hellip;]<\/p>\n","protected":false},"author":1,"featured_media":0,"parent":0,"menu_order":0,"comment_status":"closed","ping_status":"closed","template":"","meta":{"site-sidebar-layout":"no-sidebar","site-content-layout":"","ast-site-content-layout":"full-width-container","site-content-style":"default","site-sidebar-style":"default","ast-global-header-display":"","ast-banner-title-visibility":"","ast-main-header-display":"","ast-hfb-above-header-display":"","ast-hfb-below-header-display":"","ast-hfb-mobile-header-display":"","site-post-title":"disabled","ast-breadcrumbs-content":"","ast-featured-img":"disabled","footer-sml-layout":"","theme-transparent-header-meta":"","adv-header-id-meta":"","stick-header-meta":"","header-above-stick-meta":"","header-main-stick-meta":"","header-below-stick-meta":"","astra-migrate-meta-layouts":"default","ast-page-background-enabled":"default","ast-page-background-meta":{"desktop":{"background-color":"var(--ast-global-color-4)","background-image":"","background-repeat":"repeat","background-position":"center center","background-size":"auto","background-attachment":"scroll","background-type":"","background-media":"","overlay-type":"","overlay-color":"","overlay-opacity":"","overlay-gradient":""},"tablet":{"background-color":"","background-image":"","background-repeat":"repeat","background-position":"center center","background-size":"auto","background-attachment":"scroll","background-type":"","background-media":"","overlay-type":"","overlay-color":"","overlay-opacity":"","overlay-gradient":""},"mobile":{"background-color":"","background-image":"","background-repeat":"repeat","background-position":"center center","background-size":"auto","background-attachment":"scroll","background-type":"","background-media":"","overlay-type":"","overlay-color":"","overlay-opacity":"","overlay-gradient":""}},"ast-content-background-meta":{"desktop":{"background-color":"var(--ast-global-color-5)","background-image":"","background-repeat":"repeat","background-position":"center center","background-size":"auto","background-attachment":"scroll","background-type":"","background-media":"","overlay-type":"","overlay-color":"","overlay-opacity":"","overlay-gradient":""},"tablet":{"background-color":"var(--ast-global-color-5)","background-image":"","background-repeat":"repeat","background-position":"center center","background-size":"auto","background-attachment":"scroll","background-type":"","background-media":"","overlay-type":"","overlay-color":"","overlay-opacity":"","overlay-gradient":""},"mobile":{"background-color":"var(--ast-global-color-5)","background-image":"","background-repeat":"repeat","background-position":"center center","background-size":"auto","background-attachment":"scroll","background-type":"","background-media":"","overlay-type":"","overlay-color":"","overlay-opacity":"","overlay-gradient":""}},"ngg_post_thumbnail":0,"footnotes":""},"class_list":["post-7457","page","type-page","status-publish","hentry"],"_links":{"self":[{"href":"https:\/\/muvhaz.orlaihaz.mezobereny.hu\/index.php?rest_route=\/wp\/v2\/pages\/7457"}],"collection":[{"href":"https:\/\/muvhaz.orlaihaz.mezobereny.hu\/index.php?rest_route=\/wp\/v2\/pages"}],"about":[{"href":"https:\/\/muvhaz.orlaihaz.mezobereny.hu\/index.php?rest_route=\/wp\/v2\/types\/page"}],"author":[{"embeddable":true,"href":"https:\/\/muvhaz.orlaihaz.mezobereny.hu\/index.php?rest_route=\/wp\/v2\/users\/1"}],"replies":[{"embeddable":true,"href":"https:\/\/muvhaz.orlaihaz.mezobereny.hu\/index.php?rest_route=%2Fwp%2Fv2%2Fcomments&post=7457"}],"version-history":[{"count":7,"href":"https:\/\/muvhaz.orlaihaz.mezobereny.hu\/index.php?rest_route=\/wp\/v2\/pages\/7457\/revisions"}],"predecessor-version":[{"id":34430,"href":"https:\/\/muvhaz.orlaihaz.mezobereny.hu\/index.php?rest_route=\/wp\/v2\/pages\/7457\/revisions\/34430"}],"wp:attachment":[{"href":"https:\/\/muvhaz.orlaihaz.mezobereny.hu\/index.php?rest_route=%2Fwp%2Fv2%2Fmedia&parent=7457"}],"curies":[{"name":"wp","href":"https:\/\/api.w.org\/{rel}","templated":true}]}}