{"id":7482,"date":"2024-03-13T14:28:38","date_gmt":"2024-03-13T13:28:38","guid":{"rendered":"https:\/\/muvhaz.orlaihaz.mezobereny.hu\/?page_id=7482"},"modified":"2024-06-03T08:47:33","modified_gmt":"2024-06-03T06:47:33","slug":"hirdetes","status":"publish","type":"page","link":"https:\/\/muvhaz.orlaihaz.mezobereny.hu\/?page_id=7482","title":{"rendered":"H\u00edrdet\u00e9s"},"content":{"rendered":"\t\t<div data-elementor-type=\"wp-page\" data-elementor-id=\"7482\" class=\"elementor elementor-7482\">\n\t\t\t\t<div class=\"elementor-element elementor-element-cc0a91b e-flex e-con-boxed e-con e-parent\" data-id=\"cc0a91b\" data-element_type=\"container\">\n\t\t\t\t\t<div class=\"e-con-inner\">\n\t\t\t\t<div class=\"elementor-element elementor-element-f697ec3 elementor-widget elementor-widget-heading\" data-id=\"f697ec3\" data-element_type=\"widget\" data-widget_type=\"heading.default\">\n\t\t\t\t<div class=\"elementor-widget-container\">\n\t\t\t<h2 class=\"elementor-heading-title elementor-size-default\">H\u00edrdet\u00e9s<\/h2>\t\t<\/div>\n\t\t\t\t<\/div>\n\t\t\t\t\t<\/div>\n\t\t\t\t<\/div>\n\t\t<div class=\"elementor-element elementor-element-744a7ac e-flex e-con-boxed e-con e-parent\" data-id=\"744a7ac\" data-element_type=\"container\">\n\t\t\t\t\t<div class=\"e-con-inner\">\n\t\t\t\t<div class=\"elementor-element elementor-element-2c89723 elementor-widget elementor-widget-text-editor\" data-id=\"2c89723\" data-element_type=\"widget\" data-widget_type=\"text-editor.default\">\n\t\t\t\t<div class=\"elementor-widget-container\">\n\t\t\t\t\t\t\t<h4><strong>Mez\u0151ber\u00e9nyi H\u00edrmond\u00f3 hirdet\u00e9si felt\u00e9telek<\/strong><\/h4><p>A hirdet\u00e9sek k\u00fcl\u00f6nb\u00f6z\u0151 m\u00e9ret\u0171 fel\u00fclettel, \u00e9s ahhoz ar\u00e1nyosan igaz\u00edtott \u00e1rszab\u00e1s alapj\u00e1n jelennek meg, el\u0151zetes meg\u00e1llapod\u00e1s ut\u00e1n.<\/p><p><strong>A lap A\/4-es oldalainak megfelel\u0151en:<\/strong><\/p><table><tbody><tr><td width=\"316\"><p><strong>Hirdet\u00e9si fel\u00fclet nagys\u00e1ga<\/strong><\/p><\/td><td width=\"310\"><p><strong>\u00c1ra (\u00e1f\u00e1-val)<\/strong><\/p><\/td><\/tr><tr><td width=\"316\"><p>1 oldal <em>(180x260mm)<\/em><\/p><\/td><td width=\"310\"><p>64.000,- Ft<\/p><\/td><\/tr><tr><td width=\"316\"><p>1\/2 oldal <em>(180x130mm)<\/em><\/p><\/td><td width=\"310\"><p>32.000,- Ft<\/p><\/td><\/tr><tr><td width=\"316\"><p>1\/4 oldal <em>(130x86mm)<\/em><\/p><\/td><td width=\"310\"><p>16.000,- Ft<\/p><\/td><\/tr><tr><td width=\"316\"><p>1\/8 oldal <em>(86x61mm)<\/em><\/p><\/td><td width=\"310\"><p>8.000,- Ft<\/p><\/td><\/tr><tr><td width=\"316\"><p>1\/16 oldal <em>(86x29mm)<\/em><\/p><\/td><td width=\"310\"><p>4.000,- Ft<\/p><\/td><\/tr><\/tbody><\/table><p>\u00a0<\/p><p><strong>Hirdet\u00e9s form\u00e1tuma:<\/strong> pdf<\/p><p><em>(m\u00e9ret lsd: 2. oldal)<\/em><\/p><p><strong>3+1 kedvezm\u00e9ny:<\/strong> h\u00e1rom, egym\u00e1st k\u00f6vet\u0151 h\u00f3nap hirdet\u00e9si d\u00edj\u00e1nak egy\u00f6sszeg\u0171 kifizet\u00e9se eset\u00e9n a 4. h\u00f3napban ingyen megjelentetj\u00fck a hirdet\u00e9st.<\/p><p><strong>Nyomdai kivitelez\u00e9s:<\/strong> sz\u00ednes<\/p><p><strong>Megjelen\u00e9s sz\u00e1ma:<\/strong> 2000 p\u00e9ld\u00e1ny<\/p><p>\u00a0<\/p>\t\t\t\t\t\t<\/div>\n\t\t\t\t<\/div>\n\t\t\t\t\t<\/div>\n\t\t\t\t<\/div>\n\t\t\t\t<\/div>\n\t\t","protected":false},"excerpt":{"rendered":"<p>H\u00edrdet\u00e9s Mez\u0151ber\u00e9nyi H\u00edrmond\u00f3 hirdet\u00e9si felt\u00e9telek A hirdet\u00e9sek k\u00fcl\u00f6nb\u00f6z\u0151 m\u00e9ret\u0171 fel\u00fclettel, \u00e9s ahhoz ar\u00e1nyosan igaz\u00edtott \u00e1rszab\u00e1s alapj\u00e1n jelennek meg, el\u0151zetes meg\u00e1llapod\u00e1s ut\u00e1n. A lap A\/4-es oldalainak megfelel\u0151en: Hirdet\u00e9si fel\u00fclet nagys\u00e1ga \u00c1ra [&hellip;]<\/p>\n","protected":false},"author":1,"featured_media":0,"parent":0,"menu_order":0,"comment_status":"closed","ping_status":"closed","template":"","meta":{"site-sidebar-layout":"no-sidebar","site-content-layout":"","ast-site-content-layout":"full-width-container","site-content-style":"default","site-sidebar-style":"default","ast-global-header-display":"","ast-banner-title-visibility":"","ast-main-header-display":"","ast-hfb-above-header-display":"","ast-hfb-below-header-display":"","ast-hfb-mobile-header-display":"","site-post-title":"disabled","ast-breadcrumbs-content":"","ast-featured-img":"disabled","footer-sml-layout":"","theme-transparent-header-meta":"","adv-header-id-meta":"","stick-header-meta":"","header-above-stick-meta":"","header-main-stick-meta":"","header-below-stick-meta":"","astra-migrate-meta-layouts":"default","ast-page-background-enabled":"default","ast-page-background-meta":{"desktop":{"background-color":"var(--ast-global-color-4)","background-image":"","background-repeat":"repeat","background-position":"center center","background-size":"auto","background-attachment":"scroll","background-type":"","background-media":"","overlay-type":"","overlay-color":"","overlay-opacity":"","overlay-gradient":""},"tablet":{"background-color":"","background-image":"","background-repeat":"repeat","background-position":"center center","background-size":"auto","background-attachment":"scroll","background-type":"","background-media":"","overlay-type":"","overlay-color":"","overlay-opacity":"","overlay-gradient":""},"mobile":{"background-color":"","background-image":"","background-repeat":"repeat","background-position":"center center","background-size":"auto","background-attachment":"scroll","background-type":"","background-media":"","overlay-type":"","overlay-color":"","overlay-opacity":"","overlay-gradient":""}},"ast-content-background-meta":{"desktop":{"background-color":"var(--ast-global-color-5)","background-image":"","background-repeat":"repeat","background-position":"center center","background-size":"auto","background-attachment":"scroll","background-type":"","background-media":"","overlay-type":"","overlay-color":"","overlay-opacity":"","overlay-gradient":""},"tablet":{"background-color":"var(--ast-global-color-5)","background-image":"","background-repeat":"repeat","background-position":"center center","background-size":"auto","background-attachment":"scroll","background-type":"","background-media":"","overlay-type":"","overlay-color":"","overlay-opacity":"","overlay-gradient":""},"mobile":{"background-color":"var(--ast-global-color-5)","background-image":"","background-repeat":"repeat","background-position":"center center","background-size":"auto","background-attachment":"scroll","background-type":"","background-media":"","overlay-type":"","overlay-color":"","overlay-opacity":"","overlay-gradient":""}},"ngg_post_thumbnail":0,"footnotes":""},"class_list":["post-7482","page","type-page","status-publish","hentry"],"_links":{"self":[{"href":"https:\/\/muvhaz.orlaihaz.mezobereny.hu\/index.php?rest_route=\/wp\/v2\/pages\/7482"}],"collection":[{"href":"https:\/\/muvhaz.orlaihaz.mezobereny.hu\/index.php?rest_route=\/wp\/v2\/pages"}],"about":[{"href":"https:\/\/muvhaz.orlaihaz.mezobereny.hu\/index.php?rest_route=\/wp\/v2\/types\/page"}],"author":[{"embeddable":true,"href":"https:\/\/muvhaz.orlaihaz.mezobereny.hu\/index.php?rest_route=\/wp\/v2\/users\/1"}],"replies":[{"embeddable":true,"href":"https:\/\/muvhaz.orlaihaz.mezobereny.hu\/index.php?rest_route=%2Fwp%2Fv2%2Fcomments&post=7482"}],"version-history":[{"count":7,"href":"https:\/\/muvhaz.orlaihaz.mezobereny.hu\/index.php?rest_route=\/wp\/v2\/pages\/7482\/revisions"}],"predecessor-version":[{"id":34425,"href":"https:\/\/muvhaz.orlaihaz.mezobereny.hu\/index.php?rest_route=\/wp\/v2\/pages\/7482\/revisions\/34425"}],"wp:attachment":[{"href":"https:\/\/muvhaz.orlaihaz.mezobereny.hu\/index.php?rest_route=%2Fwp%2Fv2%2Fmedia&parent=7482"}],"curies":[{"name":"wp","href":"https:\/\/api.w.org\/{rel}","templated":true}]}}