{"id":7639,"date":"2024-03-22T10:15:53","date_gmt":"2024-03-22T09:15:53","guid":{"rendered":"https:\/\/muvhaz.orlaihaz.mezobereny.hu\/?page_id=7639"},"modified":"2024-03-22T11:02:06","modified_gmt":"2024-03-22T10:02:06","slug":"archivum","status":"publish","type":"page","link":"https:\/\/muvhaz.orlaihaz.mezobereny.hu\/?page_id=7639","title":{"rendered":"Arch\u00edvum"},"content":{"rendered":"\t\t<div data-elementor-type=\"wp-page\" data-elementor-id=\"7639\" class=\"elementor elementor-7639\">\n\t\t\t\t<div class=\"elementor-element elementor-element-1353528a e-flex e-con-boxed e-con e-parent\" data-id=\"1353528a\" data-element_type=\"container\">\n\t\t\t\t\t<div class=\"e-con-inner\">\n\t\t\t\t<div class=\"elementor-element elementor-element-5a39a4db elementor-widget elementor-widget-text-editor\" data-id=\"5a39a4db\" data-element_type=\"widget\" data-widget_type=\"text-editor.default\">\n\t\t\t\t<div class=\"elementor-widget-container\">\n\t\t\t\t\t\t\t<!-- wp:archives {\"showLabel\":false,\"showPostCounts\":true,\"type\":\"yearly\"} \/-->\t\t\t\t\t\t<\/div>\n\t\t\t\t<\/div>\n\t\t\t\t\t<\/div>\n\t\t\t\t<\/div>\n\t\t<div class=\"elementor-element elementor-element-4343d5e e-flex e-con-boxed e-con e-parent\" data-id=\"4343d5e\" data-element_type=\"container\">\n\t\t\t\t\t<div class=\"e-con-inner\">\n\t\t\t\t<div class=\"elementor-element elementor-element-6714503 elementor-widget elementor-widget-wp-widget-archives\" data-id=\"6714503\" data-element_type=\"widget\" data-widget_type=\"wp-widget-archives.default\">\n\t\t\t\t<div class=\"elementor-widget-container\">\n\t\t\t<h5>Arch\u00edvum<\/h5>\t\t<label class=\"screen-reader-text\" for=\"archives-dropdown-REPLACE_TO_ID\">Arch\u00edvum<\/label>\n\t\t<select id=\"archives-dropdown-REPLACE_TO_ID\" name=\"archive-dropdown\">\n\t\t\t\n\t\t\t<option value=\"\">H\u00f3nap kijel\u00f6l\u00e9se<\/option>\n\t\t\t\t<option value='https:\/\/muvhaz.orlaihaz.mezobereny.hu\/?m=202605'> 2026. m\u00e1jus &nbsp;(1)<\/option>\n\t<option value='https:\/\/muvhaz.orlaihaz.mezobereny.hu\/?m=202604'> 2026. \u00e1prilis &nbsp;(28)<\/option>\n\t<option value='https:\/\/muvhaz.orlaihaz.mezobereny.hu\/?m=202603'> 2026. m\u00e1rcius &nbsp;(29)<\/option>\n\t<option value='https:\/\/muvhaz.orlaihaz.mezobereny.hu\/?m=202602'> 2026. febru\u00e1r &nbsp;(18)<\/option>\n\t<option value='https:\/\/muvhaz.orlaihaz.mezobereny.hu\/?m=202601'> 2026. janu\u00e1r &nbsp;(21)<\/option>\n\t<option value='https:\/\/muvhaz.orlaihaz.mezobereny.hu\/?m=202512'> 2025. december &nbsp;(12)<\/option>\n\t<option value='https:\/\/muvhaz.orlaihaz.mezobereny.hu\/?m=202511'> 2025. november &nbsp;(13)<\/option>\n\t<option value='https:\/\/muvhaz.orlaihaz.mezobereny.hu\/?m=202510'> 2025. okt\u00f3ber &nbsp;(18)<\/option>\n\t<option value='https:\/\/muvhaz.orlaihaz.mezobereny.hu\/?m=202509'> 2025. szeptember &nbsp;(16)<\/option>\n\t<option value='https:\/\/muvhaz.orlaihaz.mezobereny.hu\/?m=202508'> 2025. augusztus &nbsp;(23)<\/option>\n\t<option value='https:\/\/muvhaz.orlaihaz.mezobereny.hu\/?m=202507'> 2025. j\u00falius &nbsp;(36)<\/option>\n\t<option value='https:\/\/muvhaz.orlaihaz.mezobereny.hu\/?m=202506'> 2025. j\u00fanius &nbsp;(13)<\/option>\n\t<option value='https:\/\/muvhaz.orlaihaz.mezobereny.hu\/?m=202505'> 2025. m\u00e1jus &nbsp;(27)<\/option>\n\t<option value='https:\/\/muvhaz.orlaihaz.mezobereny.hu\/?m=202504'> 2025. \u00e1prilis &nbsp;(17)<\/option>\n\t<option value='https:\/\/muvhaz.orlaihaz.mezobereny.hu\/?m=202503'> 2025. m\u00e1rcius &nbsp;(30)<\/option>\n\t<option value='https:\/\/muvhaz.orlaihaz.mezobereny.hu\/?m=202502'> 2025. febru\u00e1r &nbsp;(20)<\/option>\n\t<option value='https:\/\/muvhaz.orlaihaz.mezobereny.hu\/?m=202501'> 2025. janu\u00e1r &nbsp;(21)<\/option>\n\t<option value='https:\/\/muvhaz.orlaihaz.mezobereny.hu\/?m=202412'> 2024. december &nbsp;(18)<\/option>\n\t<option value='https:\/\/muvhaz.orlaihaz.mezobereny.hu\/?m=202411'> 2024. november &nbsp;(20)<\/option>\n\t<option value='https:\/\/muvhaz.orlaihaz.mezobereny.hu\/?m=202410'> 2024. okt\u00f3ber &nbsp;(16)<\/option>\n\t<option value='https:\/\/muvhaz.orlaihaz.mezobereny.hu\/?m=202409'> 2024. szeptember &nbsp;(18)<\/option>\n\t<option value='https:\/\/muvhaz.orlaihaz.mezobereny.hu\/?m=202408'> 2024. augusztus &nbsp;(15)<\/option>\n\t<option value='https:\/\/muvhaz.orlaihaz.mezobereny.hu\/?m=202407'> 2024. j\u00falius &nbsp;(21)<\/option>\n\t<option value='https:\/\/muvhaz.orlaihaz.mezobereny.hu\/?m=202406'> 2024. j\u00fanius &nbsp;(20)<\/option>\n\t<option value='https:\/\/muvhaz.orlaihaz.mezobereny.hu\/?m=202405'> 2024. m\u00e1jus &nbsp;(13)<\/option>\n\t<option value='https:\/\/muvhaz.orlaihaz.mezobereny.hu\/?m=202404'> 2024. \u00e1prilis &nbsp;(27)<\/option>\n\t<option value='https:\/\/muvhaz.orlaihaz.mezobereny.hu\/?m=202403'> 2024. m\u00e1rcius &nbsp;(44)<\/option>\n\t<option value='https:\/\/muvhaz.orlaihaz.mezobereny.hu\/?m=202402'> 2024. febru\u00e1r &nbsp;(20)<\/option>\n\t<option value='https:\/\/muvhaz.orlaihaz.mezobereny.hu\/?m=202401'> 2024. janu\u00e1r &nbsp;(19)<\/option>\n\t<option value='https:\/\/muvhaz.orlaihaz.mezobereny.hu\/?m=202312'> 2023. december &nbsp;(7)<\/option>\n\t<option value='https:\/\/muvhaz.orlaihaz.mezobereny.hu\/?m=202311'> 2023. november &nbsp;(2)<\/option>\n\t<option value='https:\/\/muvhaz.orlaihaz.mezobereny.hu\/?m=202310'> 2023. okt\u00f3ber &nbsp;(12)<\/option>\n\t<option value='https:\/\/muvhaz.orlaihaz.mezobereny.hu\/?m=202309'> 2023. szeptember &nbsp;(27)<\/option>\n\t<option value='https:\/\/muvhaz.orlaihaz.mezobereny.hu\/?m=202308'> 2023. augusztus &nbsp;(22)<\/option>\n\t<option value='https:\/\/muvhaz.orlaihaz.mezobereny.hu\/?m=202307'> 2023. j\u00falius &nbsp;(23)<\/option>\n\t<option value='https:\/\/muvhaz.orlaihaz.mezobereny.hu\/?m=202306'> 2023. j\u00fanius &nbsp;(3)<\/option>\n\t<option value='https:\/\/muvhaz.orlaihaz.mezobereny.hu\/?m=202305'> 2023. m\u00e1jus &nbsp;(14)<\/option>\n\t<option value='https:\/\/muvhaz.orlaihaz.mezobereny.hu\/?m=202304'> 2023. \u00e1prilis &nbsp;(16)<\/option>\n\t<option value='https:\/\/muvhaz.orlaihaz.mezobereny.hu\/?m=202303'> 2023. m\u00e1rcius &nbsp;(22)<\/option>\n\t<option value='https:\/\/muvhaz.orlaihaz.mezobereny.hu\/?m=202302'> 2023. febru\u00e1r &nbsp;(15)<\/option>\n\t<option value='https:\/\/muvhaz.orlaihaz.mezobereny.hu\/?m=202301'> 2023. janu\u00e1r &nbsp;(8)<\/option>\n\t<option value='https:\/\/muvhaz.orlaihaz.mezobereny.hu\/?m=202212'> 2022. december &nbsp;(18)<\/option>\n\t<option value='https:\/\/muvhaz.orlaihaz.mezobereny.hu\/?m=202211'> 2022. november &nbsp;(24)<\/option>\n\t<option value='https:\/\/muvhaz.orlaihaz.mezobereny.hu\/?m=202210'> 2022. okt\u00f3ber &nbsp;(27)<\/option>\n\t<option value='https:\/\/muvhaz.orlaihaz.mezobereny.hu\/?m=202209'> 2022. szeptember &nbsp;(23)<\/option>\n\t<option value='https:\/\/muvhaz.orlaihaz.mezobereny.hu\/?m=202208'> 2022. augusztus &nbsp;(25)<\/option>\n\t<option value='https:\/\/muvhaz.orlaihaz.mezobereny.hu\/?m=202207'> 2022. j\u00falius &nbsp;(17)<\/option>\n\t<option value='https:\/\/muvhaz.orlaihaz.mezobereny.hu\/?m=202206'> 2022. j\u00fanius &nbsp;(17)<\/option>\n\t<option value='https:\/\/muvhaz.orlaihaz.mezobereny.hu\/?m=202205'> 2022. m\u00e1jus &nbsp;(27)<\/option>\n\t<option value='https:\/\/muvhaz.orlaihaz.mezobereny.hu\/?m=202204'> 2022. \u00e1prilis &nbsp;(29)<\/option>\n\t<option value='https:\/\/muvhaz.orlaihaz.mezobereny.hu\/?m=202203'> 2022. m\u00e1rcius &nbsp;(26)<\/option>\n\t<option value='https:\/\/muvhaz.orlaihaz.mezobereny.hu\/?m=202202'> 2022. febru\u00e1r &nbsp;(23)<\/option>\n\t<option value='https:\/\/muvhaz.orlaihaz.mezobereny.hu\/?m=202201'> 2022. janu\u00e1r &nbsp;(19)<\/option>\n\t<option value='https:\/\/muvhaz.orlaihaz.mezobereny.hu\/?m=202112'> 2021. december &nbsp;(16)<\/option>\n\t<option value='https:\/\/muvhaz.orlaihaz.mezobereny.hu\/?m=202111'> 2021. november &nbsp;(18)<\/option>\n\t<option value='https:\/\/muvhaz.orlaihaz.mezobereny.hu\/?m=202110'> 2021. okt\u00f3ber &nbsp;(32)<\/option>\n\t<option value='https:\/\/muvhaz.orlaihaz.mezobereny.hu\/?m=202109'> 2021. szeptember &nbsp;(48)<\/option>\n\t<option value='https:\/\/muvhaz.orlaihaz.mezobereny.hu\/?m=202108'> 2021. augusztus &nbsp;(38)<\/option>\n\t<option value='https:\/\/muvhaz.orlaihaz.mezobereny.hu\/?m=202107'> 2021. j\u00falius &nbsp;(10)<\/option>\n\t<option value='https:\/\/muvhaz.orlaihaz.mezobereny.hu\/?m=202106'> 2021. j\u00fanius &nbsp;(9)<\/option>\n\t<option value='https:\/\/muvhaz.orlaihaz.mezobereny.hu\/?m=202105'> 2021. m\u00e1jus &nbsp;(11)<\/option>\n\t<option value='https:\/\/muvhaz.orlaihaz.mezobereny.hu\/?m=202104'> 2021. \u00e1prilis &nbsp;(7)<\/option>\n\t<option value='https:\/\/muvhaz.orlaihaz.mezobereny.hu\/?m=202103'> 2021. m\u00e1rcius &nbsp;(4)<\/option>\n\t<option value='https:\/\/muvhaz.orlaihaz.mezobereny.hu\/?m=202102'> 2021. febru\u00e1r &nbsp;(23)<\/option>\n\t<option value='https:\/\/muvhaz.orlaihaz.mezobereny.hu\/?m=202101'> 2021. janu\u00e1r &nbsp;(9)<\/option>\n\t<option value='https:\/\/muvhaz.orlaihaz.mezobereny.hu\/?m=202012'> 2020. december &nbsp;(37)<\/option>\n\t<option value='https:\/\/muvhaz.orlaihaz.mezobereny.hu\/?m=202011'> 2020. november &nbsp;(10)<\/option>\n\t<option value='https:\/\/muvhaz.orlaihaz.mezobereny.hu\/?m=202010'> 2020. okt\u00f3ber &nbsp;(23)<\/option>\n\t<option value='https:\/\/muvhaz.orlaihaz.mezobereny.hu\/?m=202009'> 2020. szeptember &nbsp;(21)<\/option>\n\t<option value='https:\/\/muvhaz.orlaihaz.mezobereny.hu\/?m=202008'> 2020. augusztus &nbsp;(26)<\/option>\n\t<option value='https:\/\/muvhaz.orlaihaz.mezobereny.hu\/?m=202007'> 2020. j\u00falius &nbsp;(30)<\/option>\n\t<option value='https:\/\/muvhaz.orlaihaz.mezobereny.hu\/?m=202006'> 2020. j\u00fanius &nbsp;(22)<\/option>\n\t<option value='https:\/\/muvhaz.orlaihaz.mezobereny.hu\/?m=202005'> 2020. m\u00e1jus &nbsp;(16)<\/option>\n\t<option value='https:\/\/muvhaz.orlaihaz.mezobereny.hu\/?m=202004'> 2020. \u00e1prilis &nbsp;(18)<\/option>\n\t<option value='https:\/\/muvhaz.orlaihaz.mezobereny.hu\/?m=202003'> 2020. m\u00e1rcius &nbsp;(21)<\/option>\n\t<option value='https:\/\/muvhaz.orlaihaz.mezobereny.hu\/?m=202002'> 2020. febru\u00e1r &nbsp;(19)<\/option>\n\t<option value='https:\/\/muvhaz.orlaihaz.mezobereny.hu\/?m=202001'> 2020. janu\u00e1r &nbsp;(16)<\/option>\n\t<option value='https:\/\/muvhaz.orlaihaz.mezobereny.hu\/?m=201912'> 2019. december &nbsp;(16)<\/option>\n\t<option value='https:\/\/muvhaz.orlaihaz.mezobereny.hu\/?m=201911'> 2019. november &nbsp;(13)<\/option>\n\t<option value='https:\/\/muvhaz.orlaihaz.mezobereny.hu\/?m=201910'> 2019. okt\u00f3ber &nbsp;(22)<\/option>\n\t<option value='https:\/\/muvhaz.orlaihaz.mezobereny.hu\/?m=201909'> 2019. szeptember &nbsp;(10)<\/option>\n\t<option value='https:\/\/muvhaz.orlaihaz.mezobereny.hu\/?m=201908'> 2019. augusztus &nbsp;(5)<\/option>\n\t<option value='https:\/\/muvhaz.orlaihaz.mezobereny.hu\/?m=201907'> 2019. j\u00falius &nbsp;(14)<\/option>\n\t<option value='https:\/\/muvhaz.orlaihaz.mezobereny.hu\/?m=201906'> 2019. j\u00fanius &nbsp;(11)<\/option>\n\t<option value='https:\/\/muvhaz.orlaihaz.mezobereny.hu\/?m=201905'> 2019. m\u00e1jus &nbsp;(26)<\/option>\n\t<option value='https:\/\/muvhaz.orlaihaz.mezobereny.hu\/?m=201904'> 2019. \u00e1prilis &nbsp;(33)<\/option>\n\t<option value='https:\/\/muvhaz.orlaihaz.mezobereny.hu\/?m=201903'> 2019. m\u00e1rcius &nbsp;(23)<\/option>\n\t<option value='https:\/\/muvhaz.orlaihaz.mezobereny.hu\/?m=201902'> 2019. febru\u00e1r &nbsp;(20)<\/option>\n\t<option value='https:\/\/muvhaz.orlaihaz.mezobereny.hu\/?m=201901'> 2019. janu\u00e1r &nbsp;(12)<\/option>\n\t<option value='https:\/\/muvhaz.orlaihaz.mezobereny.hu\/?m=201812'> 2018. december &nbsp;(9)<\/option>\n\t<option value='https:\/\/muvhaz.orlaihaz.mezobereny.hu\/?m=201811'> 2018. november &nbsp;(10)<\/option>\n\t<option value='https:\/\/muvhaz.orlaihaz.mezobereny.hu\/?m=201810'> 2018. okt\u00f3ber &nbsp;(15)<\/option>\n\t<option value='https:\/\/muvhaz.orlaihaz.mezobereny.hu\/?m=201809'> 2018. szeptember &nbsp;(16)<\/option>\n\t<option value='https:\/\/muvhaz.orlaihaz.mezobereny.hu\/?m=201808'> 2018. augusztus &nbsp;(9)<\/option>\n\t<option value='https:\/\/muvhaz.orlaihaz.mezobereny.hu\/?m=201807'> 2018. j\u00falius &nbsp;(4)<\/option>\n\t<option value='https:\/\/muvhaz.orlaihaz.mezobereny.hu\/?m=201806'> 2018. j\u00fanius &nbsp;(10)<\/option>\n\t<option value='https:\/\/muvhaz.orlaihaz.mezobereny.hu\/?m=201805'> 2018. m\u00e1jus &nbsp;(15)<\/option>\n\t<option value='https:\/\/muvhaz.orlaihaz.mezobereny.hu\/?m=201804'> 2018. \u00e1prilis &nbsp;(17)<\/option>\n\t<option value='https:\/\/muvhaz.orlaihaz.mezobereny.hu\/?m=201803'> 2018. m\u00e1rcius &nbsp;(11)<\/option>\n\t<option value='https:\/\/muvhaz.orlaihaz.mezobereny.hu\/?m=201802'> 2018. febru\u00e1r &nbsp;(5)<\/option>\n\t<option value='https:\/\/muvhaz.orlaihaz.mezobereny.hu\/?m=201801'> 2018. janu\u00e1r &nbsp;(6)<\/option>\n\t<option value='https:\/\/muvhaz.orlaihaz.mezobereny.hu\/?m=201712'> 2017. december &nbsp;(8)<\/option>\n\t<option value='https:\/\/muvhaz.orlaihaz.mezobereny.hu\/?m=201711'> 2017. november &nbsp;(10)<\/option>\n\t<option value='https:\/\/muvhaz.orlaihaz.mezobereny.hu\/?m=201710'> 2017. okt\u00f3ber &nbsp;(15)<\/option>\n\t<option value='https:\/\/muvhaz.orlaihaz.mezobereny.hu\/?m=201709'> 2017. szeptember &nbsp;(13)<\/option>\n\t<option value='https:\/\/muvhaz.orlaihaz.mezobereny.hu\/?m=201708'> 2017. augusztus &nbsp;(8)<\/option>\n\t<option value='https:\/\/muvhaz.orlaihaz.mezobereny.hu\/?m=201707'> 2017. j\u00falius &nbsp;(3)<\/option>\n\t<option value='https:\/\/muvhaz.orlaihaz.mezobereny.hu\/?m=201706'> 2017. j\u00fanius &nbsp;(5)<\/option>\n\t<option value='https:\/\/muvhaz.orlaihaz.mezobereny.hu\/?m=201705'> 2017. m\u00e1jus &nbsp;(10)<\/option>\n\t<option value='https:\/\/muvhaz.orlaihaz.mezobereny.hu\/?m=201704'> 2017. \u00e1prilis &nbsp;(15)<\/option>\n\t<option value='https:\/\/muvhaz.orlaihaz.mezobereny.hu\/?m=201703'> 2017. m\u00e1rcius &nbsp;(10)<\/option>\n\t<option value='https:\/\/muvhaz.orlaihaz.mezobereny.hu\/?m=201702'> 2017. febru\u00e1r &nbsp;(13)<\/option>\n\t<option value='https:\/\/muvhaz.orlaihaz.mezobereny.hu\/?m=201701'> 2017. janu\u00e1r &nbsp;(8)<\/option>\n\t<option value='https:\/\/muvhaz.orlaihaz.mezobereny.hu\/?m=201612'> 2016. december &nbsp;(11)<\/option>\n\t<option value='https:\/\/muvhaz.orlaihaz.mezobereny.hu\/?m=201611'> 2016. november &nbsp;(13)<\/option>\n\t<option value='https:\/\/muvhaz.orlaihaz.mezobereny.hu\/?m=201610'> 2016. okt\u00f3ber &nbsp;(9)<\/option>\n\t<option value='https:\/\/muvhaz.orlaihaz.mezobereny.hu\/?m=201609'> 2016. szeptember &nbsp;(6)<\/option>\n\t<option value='https:\/\/muvhaz.orlaihaz.mezobereny.hu\/?m=201608'> 2016. augusztus &nbsp;(8)<\/option>\n\t<option value='https:\/\/muvhaz.orlaihaz.mezobereny.hu\/?m=201607'> 2016. j\u00falius &nbsp;(3)<\/option>\n\t<option value='https:\/\/muvhaz.orlaihaz.mezobereny.hu\/?m=201606'> 2016. j\u00fanius &nbsp;(4)<\/option>\n\t<option value='https:\/\/muvhaz.orlaihaz.mezobereny.hu\/?m=201605'> 2016. m\u00e1jus &nbsp;(9)<\/option>\n\t<option value='https:\/\/muvhaz.orlaihaz.mezobereny.hu\/?m=201604'> 2016. \u00e1prilis &nbsp;(8)<\/option>\n\t<option value='https:\/\/muvhaz.orlaihaz.mezobereny.hu\/?m=201603'> 2016. m\u00e1rcius &nbsp;(10)<\/option>\n\t<option value='https:\/\/muvhaz.orlaihaz.mezobereny.hu\/?m=201602'> 2016. febru\u00e1r &nbsp;(6)<\/option>\n\t<option value='https:\/\/muvhaz.orlaihaz.mezobereny.hu\/?m=201601'> 2016. janu\u00e1r &nbsp;(6)<\/option>\n\t<option value='https:\/\/muvhaz.orlaihaz.mezobereny.hu\/?m=201512'> 2015. december &nbsp;(6)<\/option>\n\t<option value='https:\/\/muvhaz.orlaihaz.mezobereny.hu\/?m=201511'> 2015. november &nbsp;(3)<\/option>\n\t<option value='https:\/\/muvhaz.orlaihaz.mezobereny.hu\/?m=201510'> 2015. okt\u00f3ber &nbsp;(11)<\/option>\n\t<option value='https:\/\/muvhaz.orlaihaz.mezobereny.hu\/?m=201509'> 2015. szeptember &nbsp;(19)<\/option>\n\t<option value='https:\/\/muvhaz.orlaihaz.mezobereny.hu\/?m=201508'> 2015. augusztus &nbsp;(13)<\/option>\n\t<option value='https:\/\/muvhaz.orlaihaz.mezobereny.hu\/?m=201507'> 2015. j\u00falius &nbsp;(14)<\/option>\n\t<option value='https:\/\/muvhaz.orlaihaz.mezobereny.hu\/?m=201506'> 2015. j\u00fanius &nbsp;(18)<\/option>\n\t<option value='https:\/\/muvhaz.orlaihaz.mezobereny.hu\/?m=201505'> 2015. m\u00e1jus &nbsp;(19)<\/option>\n\t<option value='https:\/\/muvhaz.orlaihaz.mezobereny.hu\/?m=201504'> 2015. \u00e1prilis &nbsp;(22)<\/option>\n\t<option value='https:\/\/muvhaz.orlaihaz.mezobereny.hu\/?m=201503'> 2015. m\u00e1rcius &nbsp;(18)<\/option>\n\t<option value='https:\/\/muvhaz.orlaihaz.mezobereny.hu\/?m=201502'> 2015. febru\u00e1r &nbsp;(10)<\/option>\n\t<option value='https:\/\/muvhaz.orlaihaz.mezobereny.hu\/?m=201501'> 2015. janu\u00e1r &nbsp;(14)<\/option>\n\t<option value='https:\/\/muvhaz.orlaihaz.mezobereny.hu\/?m=201412'> 2014. december &nbsp;(13)<\/option>\n\t<option value='https:\/\/muvhaz.orlaihaz.mezobereny.hu\/?m=201411'> 2014. november &nbsp;(14)<\/option>\n\t<option value='https:\/\/muvhaz.orlaihaz.mezobereny.hu\/?m=201410'> 2014. okt\u00f3ber &nbsp;(9)<\/option>\n\t<option value='https:\/\/muvhaz.orlaihaz.mezobereny.hu\/?m=201409'> 2014. szeptember &nbsp;(3)<\/option>\n\t<option value='https:\/\/muvhaz.orlaihaz.mezobereny.hu\/?m=201408'> 2014. augusztus &nbsp;(10)<\/option>\n\t<option value='https:\/\/muvhaz.orlaihaz.mezobereny.hu\/?m=201406'> 2014. j\u00fanius &nbsp;(5)<\/option>\n\t<option value='https:\/\/muvhaz.orlaihaz.mezobereny.hu\/?m=201405'> 2014. m\u00e1jus &nbsp;(4)<\/option>\n\t<option value='https:\/\/muvhaz.orlaihaz.mezobereny.hu\/?m=201404'> 2014. \u00e1prilis &nbsp;(5)<\/option>\n\t<option value='https:\/\/muvhaz.orlaihaz.mezobereny.hu\/?m=201403'> 2014. m\u00e1rcius &nbsp;(11)<\/option>\n\t<option value='https:\/\/muvhaz.orlaihaz.mezobereny.hu\/?m=201402'> 2014. febru\u00e1r &nbsp;(3)<\/option>\n\t<option value='https:\/\/muvhaz.orlaihaz.mezobereny.hu\/?m=201401'> 2014. janu\u00e1r &nbsp;(7)<\/option>\n\t<option value='https:\/\/muvhaz.orlaihaz.mezobereny.hu\/?m=201312'> 2013. december &nbsp;(5)<\/option>\n\t<option value='https:\/\/muvhaz.orlaihaz.mezobereny.hu\/?m=201311'> 2013. november &nbsp;(6)<\/option>\n\t<option value='https:\/\/muvhaz.orlaihaz.mezobereny.hu\/?m=201310'> 2013. okt\u00f3ber &nbsp;(3)<\/option>\n\t<option value='https:\/\/muvhaz.orlaihaz.mezobereny.hu\/?m=201307'> 2013. j\u00falius &nbsp;(2)<\/option>\n\t<option value='https:\/\/muvhaz.orlaihaz.mezobereny.hu\/?m=201306'> 2013. j\u00fanius &nbsp;(1)<\/option>\n\t<option value='https:\/\/muvhaz.orlaihaz.mezobereny.hu\/?m=201205'> 2012. m\u00e1jus &nbsp;(1)<\/option>\n\n\t\t<\/select>\n\n\t\t\t<script>\n(function() {\n\tvar dropdown = document.getElementById( \"archives-dropdown-REPLACE_TO_ID\" );\n\tfunction onSelectChange() {\n\t\tif ( dropdown.options[ dropdown.selectedIndex ].value !== '' ) {\n\t\t\tdocument.location.href = this.options[ this.selectedIndex ].value;\n\t\t}\n\t}\n\tdropdown.onchange = onSelectChange;\n})();\n<\/script>\n\t\t<\/div>\n\t\t\t\t<\/div>\n\t\t\t\t\t<\/div>\n\t\t\t\t<\/div>\n\t\t\t\t<\/div>\n\t\t","protected":false},"excerpt":{"rendered":"","protected":false},"author":1,"featured_media":0,"parent":0,"menu_order":0,"comment_status":"closed","ping_status":"closed","template":"","meta":{"site-sidebar-layout":"no-sidebar","site-content-layout":"","ast-site-content-layout":"full-width-container","site-content-style":"default","site-sidebar-style":"default","ast-global-header-display":"","ast-banner-title-visibility":"","ast-main-header-display":"","ast-hfb-above-header-display":"","ast-hfb-below-header-display":"","ast-hfb-mobile-header-display":"","site-post-title":"disabled","ast-breadcrumbs-content":"","ast-featured-img":"disabled","footer-sml-layout":"","theme-transparent-header-meta":"","adv-header-id-meta":"","stick-header-meta":"","header-above-stick-meta":"","header-main-stick-meta":"","header-below-stick-meta":"","astra-migrate-meta-layouts":"default","ast-page-background-enabled":"default","ast-page-background-meta":{"desktop":{"background-color":"var(--ast-global-color-4)","background-image":"","background-repeat":"repeat","background-position":"center center","background-size":"auto","background-attachment":"scroll","background-type":"","background-media":"","overlay-type":"","overlay-color":"","overlay-opacity":"","overlay-gradient":""},"tablet":{"background-color":"","background-image":"","background-repeat":"repeat","background-position":"center center","background-size":"auto","background-attachment":"scroll","background-type":"","background-media":"","overlay-type":"","overlay-color":"","overlay-opacity":"","overlay-gradient":""},"mobile":{"background-color":"","background-image":"","background-repeat":"repeat","background-position":"center center","background-size":"auto","background-attachment":"scroll","background-type":"","background-media":"","overlay-type":"","overlay-color":"","overlay-opacity":"","overlay-gradient":""}},"ast-content-background-meta":{"desktop":{"background-color":"var(--ast-global-color-5)","background-image":"","background-repeat":"repeat","background-position":"center center","background-size":"auto","background-attachment":"scroll","background-type":"","background-media":"","overlay-type":"","overlay-color":"","overlay-opacity":"","overlay-gradient":""},"tablet":{"background-color":"var(--ast-global-color-5)","background-image":"","background-repeat":"repeat","background-position":"center center","background-size":"auto","background-attachment":"scroll","background-type":"","background-media":"","overlay-type":"","overlay-color":"","overlay-opacity":"","overlay-gradient":""},"mobile":{"background-color":"var(--ast-global-color-5)","background-image":"","background-repeat":"repeat","background-position":"center center","background-size":"auto","background-attachment":"scroll","background-type":"","background-media":"","overlay-type":"","overlay-color":"","overlay-opacity":"","overlay-gradient":""}},"ngg_post_thumbnail":0,"footnotes":""},"class_list":["post-7639","page","type-page","status-publish","hentry"],"_links":{"self":[{"href":"https:\/\/muvhaz.orlaihaz.mezobereny.hu\/index.php?rest_route=\/wp\/v2\/pages\/7639"}],"collection":[{"href":"https:\/\/muvhaz.orlaihaz.mezobereny.hu\/index.php?rest_route=\/wp\/v2\/pages"}],"about":[{"href":"https:\/\/muvhaz.orlaihaz.mezobereny.hu\/index.php?rest_route=\/wp\/v2\/types\/page"}],"author":[{"embeddable":true,"href":"https:\/\/muvhaz.orlaihaz.mezobereny.hu\/index.php?rest_route=\/wp\/v2\/users\/1"}],"replies":[{"embeddable":true,"href":"https:\/\/muvhaz.orlaihaz.mezobereny.hu\/index.php?rest_route=%2Fwp%2Fv2%2Fcomments&post=7639"}],"version-history":[{"count":4,"href":"https:\/\/muvhaz.orlaihaz.mezobereny.hu\/index.php?rest_route=\/wp\/v2\/pages\/7639\/revisions"}],"predecessor-version":[{"id":7647,"href":"https:\/\/muvhaz.orlaihaz.mezobereny.hu\/index.php?rest_route=\/wp\/v2\/pages\/7639\/revisions\/7647"}],"wp:attachment":[{"href":"https:\/\/muvhaz.orlaihaz.mezobereny.hu\/index.php?rest_route=%2Fwp%2Fv2%2Fmedia&parent=7639"}],"curies":[{"name":"wp","href":"https:\/\/api.w.org\/{rel}","templated":true}]}}